{"id":1155,"date":"2019-10-06T23:16:10","date_gmt":"2019-10-06T23:16:10","guid":{"rendered":"https:\/\/www.icarus-aerospace.com\/?page_id=1155"},"modified":"2020-08-06T12:45:00","modified_gmt":"2020-08-06T12:45:00","slug":"services","status":"publish","type":"page","link":"https:\/\/www.icarus-aerospace.com\/fr\/services\/","title":{"rendered":"Services"},"content":{"rendered":"<div class=\"jas-content pt__50 pb__50\">\n<div class=\"jas-container\">\n<div class=\"jas-row\">\n<h2 class=\"nn\">ICARUS A\u00e9rospatial \u00e9paule des entreprises sp\u00e9cialis\u00e9es<br \/>\nen mati\u00e8re d\u2019a\u00e9rospatiale et de d\u00e9fense ainsi que \u00e9quipementiers.<\/h2>\n<div class=\"tc w100\">\n<p class=\"stext\">Nous exer\u00e7ons nos activit\u00e9s dans un environnement assurant le respect des normes de qualit\u00e9 gr\u00e2ce \u00e0 des outils d\u2019ing\u00e9nierie de premier ordre.<\/p>\n<p class=\"stext\">Des d\u00e9cennies d&rsquo;exp\u00e9rience avec Airbus, Boeing, Bombardier Aero, Gulfstream, Learjet, Alenia Aermacchi, Bell Helicopter.<\/p>\n<h2 class=\"ty\">Solution \u00ab plug-and-play \u00bb parfaite \u00e0 votre service!<\/h2>\n<\/div>\n<div class=\"clearfix\">\n<\/div>\n<p class=\"center\"><img decoding=\"async\" src=\"https:\/\/www.icarus-aerospace.com\/files\/2019\/10\/icarus-services.jpg\"><\/p>\n<\/div>\n<\/div>\n<\/div>\n<div class=\"jas-content bg-white minus-marg pt__80 pb__30\">\n<div class=\"jas-container\">\n<div class=\"jas-row background-white\">\n<h2 class=\"nn c\">Nos comp\u00e9tences de base:<\/h2>\n<div class=\"jas-col-md-12 jas-col-sm-12 jas-col-xs-12 nopaddingl tc\">\n<p class=\"mb__0 fs18\"><span class=\"blck\">+<\/span><br \/>\nA\u00e9rostructures<\/p>\n<p class=\"mb__0 fs18\"><span class=\"blck\">+<\/span><br \/>\nInt\u00e9gration de syst\u00e8mes et avionique<\/p>\n<p class=\"mb__0 fs18\"><span class=\"blck\">+<\/span><br \/>\nEssais en vol<\/p>\n<p class=\"fs18\"><span class=\"blck\">+<\/span><br \/>\nFabrication<\/p>\n<\/div>\n<p class=\"fs18 ty tc w100\">Des v\u00e9t\u00e9rans de l&rsquo;industrie avec un savoir-faire de premier ordre!<\/p>\n<\/div>\n<\/div>\n<\/div>\n<div class=\"jas-content bg-white pt__50 pb__10 mt__100\">\n<div class=\"jas-container\">\n<div class=\"jas-row background-white\">\n<div class=\"jas-col-md-12 jas-col-sm-12 jas-col-xs-12 nopaddingl mw660\">\n<p class=\"center blck fs18\">Ing\u00e9nierie des structures a\u00e9rospatiales<\/p>\n<div class=\"jas-row\">\n<div class=\"jas-col-md-6 jas-col-sm-6 jas-col-xs-12 nopaddingl\">\n<p><strong>Conception structurelle soigneusement optimis\u00e9e de:<\/strong><\/p>\n<p><span class=\"blck\">+<\/span><br \/>\nStructures de base<\/p>\n<p><span class=\"blck\">+<\/span><br \/>\nAssemblages<\/p>\n<p><span class=\"blck\">+<\/span><br \/>\nSous-assemblages<\/p>\n<\/div>\n<div class=\"jas-col-md-6 jas-col-sm-6 jas-col-xs-12 nopaddingr\">\n<p><strong>Services d&rsquo;ing\u00e9nierie li\u00e9s \u00e0:<\/strong><\/p>\n<p><span class=\"blck\">+<\/span><br \/>\nAnalyse structurelle (statique et tol\u00e9rance aux dommages)<\/p>\n<p><span class=\"blck\">+<\/span><br \/>\nValidation de la r\u00e9it\u00e9ration structurelle bas\u00e9e sur les r\u00e9sultats des essais<\/p>\n<p><span class=\"blck\">+<\/span><br \/>\nR\u00e9daction de rapports de certification<\/p>\n<p><span class=\"blck\">+<\/span><br \/>\nManuel de r\u00e9paration des mat\u00e9riaux composites et des structures<\/p>\n<\/div>\n<p class=\"fs18 ty tc w100\">Des solutions de qualit\u00e9!<\/p>\n<\/div>\n<\/div>\n<\/div>\n<\/div>\n<\/div>\n<p class=\"center mask-photo mxw17\"><img decoding=\"async\" src=\"https:\/\/www.icarus-aerospace.com\/files\/2019\/10\/services-01-1.jpg\"><\/p>\n<div class=\"jas-content bg-white pt__50 pb__10 mt__100\">\n<div class=\"jas-container\">\n<div class=\"jas-row background-white\">\n<div class=\"jas-col-md-12 jas-col-sm-12 jas-col-xs-12 nopaddingl mw660\">\n<p class=\"center blck fs18\">Conception, analyse, optimisation et modification des structures<\/p>\n<div class=\"jas-row\">\n<div class=\"jas-col-md-6 jas-col-sm-6 jas-col-xs-12 nopaddingl\">\n<p><strong>Tous les aspects de l&rsquo;analyse structurelle (statique, fatigue et DTA) :<\/strong><\/p>\n<p><span class=\"blck\">+<\/span><br \/>\nAnalyse conventionnelle<\/p>\n<p><span class=\"blck\">+<\/span><br \/>\nAnalyse calibr\u00e9e avec les r\u00e9sultats des tests<\/p>\n<p><span class=\"blck\">+<\/span><br \/>\nAnalyse FEM (avec corr\u00e9lation et validation du mod\u00e8le)<\/p>\n<\/div>\n<div class=\"jas-col-md-6 jas-col-sm-6 jas-col-xs-12 nopaddingr\">\n<p><strong>Du design conceptuel \u00e0 la certification et \u00e0 la post-certification :<\/strong><\/p>\n<p><span class=\"blck\">+<\/span><br \/>\nSolutions structurelles optimis\u00e9es<\/p>\n<p><span class=\"blck\">+<\/span><br \/>\nInt\u00e9grit\u00e9 structurelle totale sous les charges requises<\/p>\n<p><span class=\"blck\">+<\/span><br \/>\nPoids minimal de la structure<\/p>\n<p><span class=\"blck\">+<\/span><br \/>\nIntervalles d&rsquo;inspection pr\u00e9serv\u00e9s<\/p>\n<\/div>\n<p class=\"fs18 ty tc w100\">D\u00e9cisions prises d\u00e8s le d\u00e9part, fond\u00e9es sur l&rsquo;exp\u00e9rience, r\u00e9duisant au minimum le nombre d&rsquo;it\u00e9rations n\u00e9cessaires!<\/p>\n<\/div>\n<\/div>\n<\/div>\n<\/div>\n<\/div>\n<p class=\"center mask-photo mxw17\"><img decoding=\"async\" src=\"https:\/\/www.icarus-aerospace.com\/files\/2019\/10\/services-02-2.jpg\"><\/p>\n<div class=\"jas-content bg-white pt__50 pb__10 mt__100\">\n<div class=\"jas-container\">\n<div class=\"jas-row background-white\">\n<div class=\"jas-col-md-12 jas-col-sm-12 jas-col-xs-12 nopaddingl mw660\">\n<p class=\"center blck fs18\">Essais structurels et certification:<\/p>\n<div class=\"jas-row\">\n<div class=\"jas-col-md-6 jas-col-sm-6 jas-col-xs-12 nopaddingl\">\n<p><strong>Tous les aspects des essais de certification structurelle:<\/strong><\/p>\n<p><span class=\"blck\">+<\/span><br \/>\nExigences en mati\u00e8re d&rsquo;essai<\/p>\n<p><span class=\"blck\">+<\/span><br \/>\nPlans d&rsquo;essai<\/p>\n<p><span class=\"blck\">+<\/span><br \/>\nR\u00e9sultats et analyse des essais<\/p>\n<p><span class=\"blck\">+<\/span><br \/>\nRapports d&rsquo;essai de certification<\/p>\n<\/div>\n<div class=\"jas-col-md-6 jas-col-sm-6 jas-col-xs-12 nopaddingr\">\n<p><strong>Connaissance approfondie de la r\u00e9glementation en mati\u00e8re de certification des a\u00e9rostructures:<\/strong><\/p>\n<p><span class=\"blck\">+<\/span><br \/>\nAdministration f\u00e9d\u00e9rale de l&rsquo;aviation \u2013 FAA<\/p>\n<p><span class=\"blck\">+<\/span><br \/>\nAgence europ\u00e9enne de la s\u00e9curit\u00e9 a\u00e9rienne \u2013 EASA<\/p>\n<p><span class=\"blck\">+<\/span><br \/>\nAviation civile de Transports Canada \u2013 TCCA<\/p>\n<\/div>\n<p class=\"fs18 ty tc w100\">Ayant \u00e0 l\u2019interne ing\u00e9nieurs certifi\u00e9s TCCA pour l&rsquo;approbation de la conception structurelle <strong>(DAR)<\/strong> et de la FAA pour la navigabilit\u00e9 structurelle <strong>(DER)<\/strong>, Icarus A\u00e9rospatial dispose d&rsquo;une capacit\u00e9 de certification structurelle compl\u00e8te.<\/p>\n<\/div>\n<\/div>\n<\/div>\n<\/div>\n<\/div>\n<p class=\"center mask-photo mxw17\"><img decoding=\"async\" src=\"https:\/\/www.icarus-aerospace.com\/files\/2019\/10\/services-03-1.jpg\"><\/p>\n<div class=\"jas-content bg-white pt__50 pb__10 mt__100\">\n<div class=\"jas-container\">\n<div class=\"jas-row background-white\">\n<div class=\"jas-col-md-12 jas-col-sm-12 jas-col-xs-12 nopaddingl mw660\">\n<p class=\"center blck fs18\">L&rsquo;int\u00e9gration des syst\u00e8mes a\u00e9rospatiaux et le d\u00e9veloppement complet d&rsquo;un nouveau produit hautement int\u00e9gr\u00e9 constituent notre cr\u00e9neau:<\/p>\n<div class=\"jas-row\">\n<div class=\"jas-col-md-4 jas-col-sm-12 jas-col-xs-12 nopaddingr\">\n<p><span class=\"blck\">+<\/span><br \/>\nCommandes de vol et Fly-By-Wire<\/p>\n<p><span class=\"blck\">+<\/span><br \/>\nSciences du vol<\/p>\n<p><span class=\"blck\">+<\/span><br \/>\nPropulsion<\/p>\n<\/div>\n<div class=\"jas-col-md-4 jas-col-sm-12 jas-col-xs-12 nopaddingr\">\n<p><span class=\"blck\">+<\/span><br \/>\nArmes<\/p>\n<p><span class=\"blck\">+<\/span><br \/>\nCarburant<\/p>\n<p><span class=\"blck\">+<\/span><br \/>\nGroupe \u00e9lectrog\u00e8ne d\u2019appoint (APU)<\/p>\n<\/div>\n<div class=\"jas-col-md-4 jas-col-sm-12 jas-col-xs-12 nopaddingr\">\n<p><span class=\"blck\">+<\/span><br \/>\nAirdata<\/p>\n<p><span class=\"blck\">+<\/span><br \/>\nECS<\/p>\n<p><span class=\"blck\">+<\/span><br \/>\nFreins \u00e9lectroniques.<\/p>\n<\/div>\n<p>Icarus A\u00e9rospatial peut vous fournir du personnel ou vous aider \u00e0 atteindre vos objectifs avec un minimum d&rsquo;efforts et un maximum d&rsquo;efficacit\u00e9.<\/p>\n<p class=\"fs18 ty tc w100\">Une approche unique et innovante du soutien aux \u00e9quipementiers.<\/p>\n<\/div>\n<\/div>\n<\/div>\n<\/div>\n<\/div>\n<p class=\"center mask-photo mxw17\"><img decoding=\"async\" src=\"https:\/\/www.icarus-aerospace.com\/files\/2019\/10\/services-04-1.jpg\"><\/p>\n<div class=\"jas-content bg-white pt__50 pb__10 mt__100\">\n<div class=\"jas-container\">\n<div class=\"jas-row background-white\">\n<div class=\"jas-col-md-12 jas-col-sm-12 jas-col-xs-12 nopaddingl mw660\">\n<p class=\"center blck fs18\">Avionique :<\/p>\n<div class=\"jas-row\">\n<div class=\"jas-col-md-12 jas-col-sm-12 jas-col-xs-12 nopaddingr\">\n<p class=\"center blck fs18\">Notre savoir-faire et notre exp\u00e9rience vous aideront \u00e0 atteindre vos objectifs :\/p><\/p>\n<p><span class=\"blck\">+<\/span><br \/>\nPartir de z\u00e9ro avec la d\u00e9finition et les exigences de base en mati\u00e8re de ressources humaines.<\/p>\n<p><span class=\"blck\">+<\/span><br \/>\nPrendre en charge un syst\u00e8me avionique d\u00e9j\u00e0 d\u00e9velopp\u00e9 en vue de sa certification compl\u00e8te sur une nouvelle plate-forme.<\/p>\n<p><span class=\"blck\">+<\/span><br \/>\nProc\u00e9der \u00e0 la mise \u00e0 niveau de votre avion<\/p>\n<\/div>\n<p class=\"fs18 ty tc w100\">Une approche unique et innovante du soutien aux \u00e9quipementiers.<\/p>\n<\/div>\n<\/div>\n<\/div>\n<\/div>\n<\/div>\n<p class=\"center mask-photo mxw17\"><img decoding=\"async\" src=\"https:\/\/www.icarus-aerospace.com\/files\/2019\/10\/services-05.png\"><\/p>\n<div class=\"jas-content bg-white pt__50 pb__10 mt__100\">\n<div class=\"jas-container\">\n<div class=\"jas-row background-white\">\n<div class=\"jas-col-md-12 jas-col-sm-12 jas-col-xs-12 nopaddingl mw660\">\n<p class=\"center blck fs18\">Proc\u00e9der \u00e0 des tests en vol<\/p>\n<div class=\"jas-row\">\n<div class=\"jas-col-md-12 jas-col-sm-12 jas-col-xs-12 nopaddingr\">\n<p class=\"center blck fs18\">Offrir du soutien aux pilotes d&rsquo;essai qualifi\u00e9s et aux ing\u00e9nieurs d&rsquo;essai en vol qualifi\u00e9s pour \u00e9quipementiers:<\/p>\n<div class=\"tc\">\n<p><span class=\"blck\">+<\/span><br \/>\nPlanification du programme d&rsquo;essais en vol et d\u00e9finition du champ d&rsquo;application<\/p>\n<p><span class=\"blck\">+<\/span><br \/>\nAnalyse des risques li\u00e9s \u00e0 la s\u00e9curit\u00e9 et aux essais<\/p>\n<p><span class=\"blck\">+<\/span><br \/>\nCr\u00e9ation de plans d&rsquo;essai<\/p>\n<p><span class=\"blck\">+<\/span><br \/>\nEssais en vol de d\u00e9veloppement et extensions<\/p>\n<p><span class=\"blck\">+<\/span><br \/>\nCampagnes d&rsquo;essais en vol de certification<\/p>\n<p><span class=\"blck\">+<\/span><br \/>\nCertificat de type suppl\u00e9mentaire (STC) et approbation de modifications.<\/p>\n<\/div>\n<\/div>\n<p>Nous sommes fiers de l&rsquo;ex\u00e9cution des op\u00e9rations d&rsquo;essais en vol de mani\u00e8re s\u00fbre et efficace, de notre bilan de s\u00e9curit\u00e9 parfait et de l&rsquo;ex\u00e9cution sans faille des essais, conform\u00e9ment aux normes les plus strictes de l&rsquo;industrie!<\/p>\n<p class=\"fs18 ty tc w100\">Notre \u00e9quipe conna\u00eet bien toutes les exigences de certification des tests en vol de la <strong>TCCA<\/strong>, de la <strong>FAA<\/strong>, de l&rsquo;<strong>EASA<\/strong> et de la <strong>MIL-Spec<\/strong>.<\/p>\n<\/div>\n<\/div>\n<\/div>\n<\/div>\n<\/div>\n<p class=\"center mask-photo mxw17\"><img decoding=\"async\" src=\"https:\/\/www.icarus-aerospace.com\/files\/2019\/10\/services-06-1.jpg\"><\/p>\n<div class=\"jas-content bg-white pt__50 pb__10 mt__100\">\n<div class=\"jas-container\">\n<div class=\"jas-row background-white\">\n<div class=\"jas-col-md-12 jas-col-sm-12 jas-col-xs-12 nopaddingl mw660\">\n<p class=\"center blck fs18\">Ing\u00e9nierie des essais en vol, nous pouvons vous aider \u00e0 exceller :<\/p>\n<div class=\"jas-row\">\n<div class=\"jas-col-md-12 jas-col-sm-12 jas-col-xs-12 nopaddingr\">\n<div class=\"tc\">\n<p><span class=\"blck\">+<\/span><br \/>\nConception exp\u00e9rimentale et \u00e9quipement de prototypes<\/p>\n<p><span class=\"blck\">+<\/span><br \/>\nConception, fabrication, \u00e9talonnage et soutien des instruments de test en vol<\/p>\n<p><span class=\"blck\">+<\/span><br \/>\nConception des syst\u00e8mes de s\u00e9curit\u00e9<\/p>\n<p><span class=\"blck\">+<\/span><br \/>\nSciences du vol et analyse des r\u00e9sultats des essais en vol :<\/p>\n<ul class=\"lista-ur\">\n<li>Flutter et a\u00e9ro\u00e9lasticit\u00e9 (avions FBW)<\/li>\n<li>Experts en stabilit\u00e9 et contr\u00f4le<\/li>\n<li>Experts en performance<\/li>\n<li>Groupe \u00e9lectrog\u00e8ne<\/li>\n<li>Hydro-mech<\/li>\n<\/ul>\n<p><span class=\"blck\">+<\/span><br \/>\nGestion des tests en vol<\/p>\n<\/div>\n<\/div>\n<p class=\"fs18 ty tc w100\">Nous fournissons une <strong>expertise unique dans la conception d&rsquo;\u00e9vacuation d&rsquo;urgence et le d\u00e9veloppement de proc\u00e9dures de sauvetage d&rsquo;urgence<\/strong> pour les \u00e9quipes d&rsquo;essais en vol.<\/p>\n<\/div>\n<\/div>\n<\/div>\n<\/div>\n<\/div>\n<p class=\"center mask-photo mxw17\"><img decoding=\"async\" src=\"https:\/\/www.icarus-aerospace.com\/files\/2019\/10\/services-08.jpg\"><\/p>\n<div class=\"jas-content bg-white pt__50 pb__10 mt__100\">\n<div class=\"jas-container\">\n<div class=\"jas-row background-white\">\n<div class=\"jas-col-md-12 jas-col-sm-12 jas-col-xs-12 nopaddingl mw660\">\n<p class=\"center blck fs18\">Fabrication :<\/p>\n<div class=\"jas-row\">\n<div class=\"jas-col-md-12 jas-col-sm-12 jas-col-xs-12 nopaddingr\">\n<p class=\"center blck fs18\">Lorsque la pr\u00e9cision compte, lorsque la grande qualit\u00e9, les d\u00e9lais  d&rsquo;ex\u00e9cution rapides et les courts d\u00e9lais sont importants, nous proposons des capacit\u00e9s de fabrication flexibles et des options pour :<\/p>\n<div class=\"tc\">\n<p><span class=\"blck\">+<\/span><br \/>\nPrototypage<\/p>\n<p><span class=\"blck\">+<\/span><br \/>\nOutillage<\/p>\n<p><span class=\"blck\">+<\/span><br \/>\nProduction de petites series<\/p>\n<p><span class=\"blck\">+<\/span><br \/>\nProduction de pi\u00e8ces uniques ou d\u2019un petit nombre de pi\u00e8ces<\/p>\n<\/div>\n<\/div>\n<p>Nous sommes sp\u00e9cialis\u00e9s dans la fourniture de petites s\u00e9ries et le soutien \u00e0 la fabrication de pi\u00e8ces sp\u00e9cifiques et de grande qualit\u00e9 pour l&rsquo;a\u00e9rospatiale et la d\u00e9fense qui n\u00e9cessitent des comp\u00e9tences, une expertise et une technologie qui ne sont pas facilement disponibles.<\/p>\n<\/div>\n<\/div>\n<\/div>\n<\/div>\n<\/div>\n<p class=\"center mask-photo mxw17\"><img decoding=\"async\" src=\"https:\/\/www.icarus-aerospace.com\/files\/2019\/10\/services-07.png\"><\/p>\n<div class=\"jas-content bg-white pt__50 pb__50 mt__100\">\n<div class=\"jas-container\">\n<div class=\"jas-row background-white\">\n<div class=\"jas-col-md-12 jas-col-sm-12 jas-col-xs-12 nopaddingl mw660\">\n<p class=\"center blck fs18\">Notre soutien pour vous et votre entreprise :<\/p>\n<div class=\"jas-row\">\n<div class=\"jas-col-md-12 jas-col-sm-12 jas-col-xs-12 nopaddingr\">\n<p class=\"center blck fs18\">Nos talents uniques et exp\u00e9riment\u00e9s ont une approche flexible &#8211; ils peuvent soutenir votre projet depuis nos bureaux, ou sur votre site sous forme de \u00ab forfait\u00bb, ou peuvent m\u00eame \u00eatre engag\u00e9s comme employ\u00e9s contractuels.<br \/>\nNos talents uniques et exp\u00e9riment\u00e9s ont une approche flexible &#8211; ils peuvent soutenir votre projet depuis nos bureaux, ou sur votre site sous forme de \u00ab forfait\u00bb, ou peuvent m\u00eame \u00eatre engag\u00e9s comme employ\u00e9s contractuels.<\/p>\n<\/div>\n<p class=\"fs18 ty tc w100\">Nos talents uniques et exp\u00e9riment\u00e9s ont une approche flexible &#8211; ils peuvent soutenir votre projet depuis nos bureaux, ou sur votre site sous forme de \u00ab forfait\u00bb, ou peuvent m\u00eame \u00eatre engag\u00e9s comme employ\u00e9s contractuels.<\/p>\n<\/div>\n<\/div>\n<\/div>\n<\/div>\n<\/div>\n<div class=\"jas-content pt__40 pb__50 margins\">\n<div class=\"jas-container\">\n<\/div>\n<\/div>\n<style>div#div_loading_progress p { display: none; } p.highlighted { background-color: #005e97; color: #FFF; padding: 12px 25px; display: table; } .procenti { max-width: 400px; margin: auto; }\n .intro-basic > .highlighted { margin: auto !important; display: table; margin-top:30px; } .procenti h3 { color: #005e97; font-weight: 700; font-size: 28px; line-height: 32px; padding-top: 20px; } .intro-basic h2 { color: #005d97 !important; font-weight: 800 !important; font-family: 'Lato', Arial, Helvetica, sans-serif !important; } .intro-basic h3.uvod { font-weight: 300; letter-spacing: 1px; margin-top: 0; } h2 { font-size: 30px !important; line-height: 36px; margin-bottom: 20px; font-weight: 300; } .margins { margin-top: 20vh; margin-bottom: 20vh; } .page-head{background-color:transparent;} .minus-marg { margin-top: -130px; } .mask-photo:before { content: ' '; display: block; width: 100%; height: 9vw; position: absolute; background: #FFF; z-index: -1; left:0; } .center img{display:block;margin:auto;}<\/style>\n","protected":false},"excerpt":{"rendered":"<p>ICARUS A\u00e9rospatial \u00e9paule des entreprises sp\u00e9cialis\u00e9es en mati\u00e8re d\u2019a\u00e9rospatiale et de d\u00e9fense ainsi que \u00e9quipementiers. Nous exer\u00e7ons nos activit\u00e9s dans un environnement assurant le respect des normes de qualit\u00e9 gr\u00e2ce \u00e0 des outils d\u2019ing\u00e9nierie de premier ordre. Des d\u00e9cennies d&rsquo;exp\u00e9rience avec Airbus, Boeing, Bombardier Aero, Gulfstream, Learjet, Alenia Aermacchi, Bell Helicopter. Solution \u00ab plug-and-play \u00bb [&hellip;]<\/p>\n","protected":false},"author":1,"featured_media":0,"parent":0,"menu_order":0,"comment_status":"closed","ping_status":"closed","template":"page-standard.php","meta":[],"_links":{"self":[{"href":"https:\/\/www.icarus-aerospace.com\/fr\/wp-json\/wp\/v2\/pages\/1155"}],"collection":[{"href":"https:\/\/www.icarus-aerospace.com\/fr\/wp-json\/wp\/v2\/pages"}],"about":[{"href":"https:\/\/www.icarus-aerospace.com\/fr\/wp-json\/wp\/v2\/types\/page"}],"author":[{"embeddable":true,"href":"https:\/\/www.icarus-aerospace.com\/fr\/wp-json\/wp\/v2\/users\/1"}],"replies":[{"embeddable":true,"href":"https:\/\/www.icarus-aerospace.com\/fr\/wp-json\/wp\/v2\/comments?post=1155"}],"version-history":[{"count":6,"href":"https:\/\/www.icarus-aerospace.com\/fr\/wp-json\/wp\/v2\/pages\/1155\/revisions"}],"predecessor-version":[{"id":1291,"href":"https:\/\/www.icarus-aerospace.com\/fr\/wp-json\/wp\/v2\/pages\/1155\/revisions\/1291"}],"wp:attachment":[{"href":"https:\/\/www.icarus-aerospace.com\/fr\/wp-json\/wp\/v2\/media?parent=1155"}],"curies":[{"name":"wp","href":"https:\/\/api.w.org\/{rel}","templated":true}]}}