{"id":1273,"date":"2020-08-06T01:53:32","date_gmt":"2020-08-06T01:53:32","guid":{"rendered":"https:\/\/www.icarus-aerospace.com\/?page_id=1273"},"modified":"2020-08-06T01:53:32","modified_gmt":"2020-08-06T01:53:32","slug":"branta","status":"publish","type":"page","link":"https:\/\/www.icarus-aerospace.com\/fr\/branta\/","title":{"rendered":"BRANTA"},"content":{"rendered":"<div class=\"jas-content pt__50 pb__50\">\n<div class=\"jas-container\">\n<div class=\"jas-row\">\n<h2 class=\"nn\">[Branta Canadensis &#8211; Oie canadienne]<\/h2>\n<div class=\"clearfix\">\n<\/div>\n<p class=\"center\"><img decoding=\"async\" src=\"https:\/\/www.icarus-aerospace.com\/files\/2020\/07\/icarus-aerospace-2020-02-01-1.jpg\"><\/p>\n<\/div>\n<\/div>\n<\/div>\n<div class=\"jas-content bg-white minus-marg pt__80 pb__30\">\n<div class=\"jas-container\">\n<div class=\"jas-row background-white\">\n<h2 class=\"nn c\"><span style=\"font-size:32px;\">BRANTA<\/span><\/p>\n<p>[PLATE-FORME TAV\u2122 \/ WASP\u2122 DOT\u00c9E D\u2019UNE AILE DE PLUS GRANDE ENVERGURE ET PLUS PERFORMANTE EN HAUTE ALTITUDE]<\/h2>\n<div class=\"jas-col-md-6 jas-col-sm-6 jas-col-xs-12 nopaddingl\">\n<p><span class=\"blck\">+<\/span><br \/>\nGrande performance face aux drones en haute altitude et aux avions de reconnaissance.<\/p>\n<p><span class=\"blck\">+<\/span><br \/>\nAutonomie exceptionnelle (plus de 30 heures sans ravitaillement en essence) encore accrue gr\u00e2ce au <strong>ravitaillement a\u00e9rien manuel\/automatis\u00e9<\/strong>, faisant de BRANTA\u2122 un avion t\u00e9l\u00e9guid\u00e9 (RPAS) dont l\u2019autonomie est unique, presque illimit\u00e9e.<\/p>\n<p><span class=\"blck\">+<\/span><br \/>\nVitesse de croisi\u00e8re la plus \u00e9lev\u00e9e en mesure de supporter les vents les plus forts \u00e0 haute altitude avec le meilleur rapport vitesse\/autonomie de sa cat\u00e9gorie.<\/p>\n<p><span class=\"blck\">+<\/span><br \/>\nTr\u00e8s grande capacit\u00e9 de charge utile et d&rsquo;armement.<\/p>\n<\/div>\n<div class=\"jas-col-md-6 jas-col-sm-6 jas-col-xs-12 nopaddingr\">\n<p><span class=\"blck\">+<\/span><br \/>\n<strong>Une capacit\u00e9 de production d&rsquo;\u00e9nergie \u00e9lectrique in\u00e9gal\u00e9e qui peut encore \u00eatre augment\u00e9e gr\u00e2ce au groupe \u00e9lectrog\u00e8ne d\u2019appoint (APU) optionnel.<\/strong>.<\/p>\n<p><span class=\"blck\">+<\/span><br \/>\nEnti\u00e8rement en r\u00e9seau et possibilit\u00e9 de fonctionner en formation (SWARM).<\/p>\n<p><span class=\"blck\">+<\/span><br \/>\nConception qui peut \u00eatre certifi\u00e9e, et conforme aux exigences de l&rsquo;espace a\u00e9rien civil.<\/p>\n<p><span class=\"blck\">+<\/span><br \/>\nProchaine \u00e9tape logique dans l&rsquo;\u00e9volution des drones et des avions de reconnaissance modernes en vue d&rsquo;une nouvelle pouss\u00e9e de croissance!<\/p>\n<\/div>\n<p class=\"center blck fs18\">SYST\u00c8ME D&rsquo;A\u00c9RONEF \u00c0 MOYENNE ET HAUTE ALTITUDE AVEC \u00c9QUIPAGE OU PILOT\u00c9 \u00c0 DISTANCE \/ ENTI\u00c8REMENT AUTONOME <\/p>\n<\/div>\n<\/div>\n<\/div>\n<div class=\"praznina\"><\/div>\n<div class=\"jas-content pt__50 pb__50\">\n<div class=\"jas-container\">\n<div class=\"jas-row\">\n<p class=\"center\"><img decoding=\"async\" src=\"https:\/\/www.icarus-aerospace.com\/files\/2020\/07\/icarus-aerospace-2020-02-03.jpg\"><\/p>\n<\/div>\n<\/div>\n<\/div>\n<div class=\"jas-content bg-white minus-marg pt__80 pb__30\">\n<div class=\"jas-container\">\n<div class=\"jas-row background-white\">\n<h2 class=\"nn c\"><span style=\"font-size:32px;\">BRANTA<\/span><br \/>[SP\u00c9CIFICATIONS]<\/h2>\n<div class=\"jas-col-md-2 jas-col-sm-2 jas-col-xs-12 nopaddingl\">\n<\/div>\n<div class=\"jas-col-md-4 jas-col-sm-4 jas-col-xs-12 nopaddingl\">\n<p><strong>G\u00e9n\u00e9rales:<\/strong><br \/>\n<span class=\"blck\">+<\/span> Poids maximum au d\u00e9collage (MTOW) : jusqu&rsquo;\u00e0 27 000 lb<br \/>\n<span class=\"blck\">+<\/span> Envergure de l&rsquo;aile : 30,0 m (98 pieds)<br \/>\n<span class=\"blck\">+<\/span> Longueur : 15,85 m (52 pieds)<br \/>\n<span class=\"blck\">+<\/span> Groupe \u00e9lectrog\u00e8ne : 2 x 1700  SHP<br \/>\n<span class=\"blck\">+<\/span> Groupe \u00e9lectrog\u00e8ne d\u2019appoint (APU) : optionnel<br \/>\n<span class=\"blck\">+<\/span> Radar AESA 360 degr\u00e9s install\u00e9 en option<br \/>\n<span class=\"blck\">+<\/span> Jusqu&rsquo;\u00e0 deux tourelles FLIR (mont\u00e9es sous le nez ou la nacelle, r\u00e9tractables)<br \/>\n<span class=\"blck\">+<\/span> Autres syst\u00e8mes de mission selon les besoins<\/p>\n<p><strong>Performance:<\/strong><br \/>\n<span class=\"blck\">+<\/span> V<sub>MO<\/sub>: 330 KCAS<br \/>\n<span class=\"blck\">+<\/span> V<sub>SR<\/sub>: 60 KCAS<br \/>\n<span class=\"blck\">+<\/span> Plafond de service (avec personnel) : 50 000 pieds<br \/>\n<span class=\"blck\">+<\/span> Autonomie sans ravitaillement en carburant : >30 heures<br \/>\n<span class=\"blck\">+<\/span> Autonomie avec ravitaillement en carburant : Sans limite (ou limite de l&rsquo;\u00e9quipage)<br \/>\n<span class=\"blck\">+<\/span> Avion \u00e0 d\u00e9collage et \u00e0 atterrissage courts (STOL)<\/p>\n<\/div>\n<div class=\"jas-col-md-4 jas-col-sm-4 jas-col-xs-12 nopaddingr\">\n<p><strong>Armement:<\/strong><br \/>\n<span class=\"blck\">+<\/span> Jusqu&rsquo;\u00e0 11 points d\u2019ancrage externes<br \/>\n<span class=\"blck\">+<\/span> Jusqu&rsquo;\u00e0 8 000 livres de charge totale<br \/>\n<span class=\"blck\">+<\/span> Bombes et missiles \u00e0 guidage laser<br \/>\n<span class=\"blck\">+<\/span> Munition guid\u00e9e par GPS<br \/>\n<span class=\"blck\">+<\/span> Jusqu&rsquo;\u00e0 deux torpilles<br \/>\n<span class=\"blck\">+<\/span> Bou\u00e9es sonores<br \/>\n<span class=\"blck\">+<\/span> Missiles antinavires<br \/>\n<span class=\"blck\">+<\/span> Missiles air-air<br \/>\n<span class=\"blck\">+<\/span> Bombes et missiles conventionnels non guid\u00e9s <\/p>\n<p><strong>Sans \u00e9quipage ou jusqu\u2019\u00e0 deux membres d\u2019\u00e9quipage.<\/strong><br \/>\n<span class=\"blck\">+<\/span> Pilote + op\u00e9rateur de syst\u00e8mes, pilote seul ou sans pilote (le syst\u00e8me peut \u00eatre configur\u00e9 comme hybride et, en option, avec ou sans pilote, les \u00e9l\u00e9ments du cockpit \u00e9tant supprim\u00e9s pour donner de l&rsquo;espace suppl\u00e9mentaire)<\/p>\n<p><strong>Conditions de fonctionnement:<\/strong><br \/>\n<span class=\"blck\">+<\/span> Jour, Nuit, Conditions m\u00e9t\u00e9orologiques de vol \u00e0 vue ou aux instruments, Tout temps, M\u00eame avec risque de givrage (FIKI)<br \/>\n<span class=\"blck\">+<\/span> Gravier et pistes d&rsquo;atterrissage accident\u00e9es non pr\u00e9par\u00e9es<br \/>\n<span class=\"blck\">+<\/span> Environnement hostile<br \/>\n<span class=\"blck\">+<\/span> Autod\u00e9ployable\n<\/p>\n<\/div>\n<div class=\"jas-col-md-2 jas-col-sm-2 jas-col-xs-12 nopaddingl\">\n<\/div>\n<\/div>\n<\/div>\n<\/div>\n<p class=\"center mask-photo mxw17\"><img decoding=\"async\" src=\"https:\/\/www.icarus-aerospace.com\/files\/2020\/07\/icarus-aerospace-2020-02-04.jpg\"><\/p>\n<div class=\"jas-content bg-white minus-marg pt__80 pb__30\" style=\"margin-top: -80px;\">\n<div class=\"mxw17\">\n<p class=\"center blck blckbckg fs18 mxw17\" style=\"font-size: 26px;\">NOUS INVENTONS CE QUE NOUS FABRIQUONS<\/p>\n<h2 class=\"nn c\">En savoir plus<\/h2>\n<div class=\"jas-row\">\n<div class=\"jas-col-md-6 jas-col-sm-6 jas-col-xs-12\">\n<p>En raison de la nature de notre appareil et de son stade de d\u00e9veloppement pr\u00e9coce, ICARUS doit imposer des restrictions sur la communication des sp\u00e9cifications techniques et des donn\u00e9es sur la performance. Ces informations sont exclusives et privil\u00e9gi\u00e9es.<\/p>\n<\/div>\n<div class=\"jas-col-md-6 jas-col-sm-6 jas-col-xs-12\">\n<p>Si vous souhaitez en savoir plus sur notre avion TAV\u2122, veuillez remplir le questionnaire pour nous contacter <a href=\"http:\/\/www.icarus-aerospace.com\/fr\/form\/\" class=\"plink\">contacter.<\/a><\/p>\n<\/div>\n<\/div>\n<\/div>\n<\/div>\n<div class=\"jas-content pt__40 pb__50 margins\">\n<div class=\"jas-container\">\n<\/div>\n<\/div>\n<style>div#div_loading_progress p { display: none; } p.highlighted { background-color: #005e97; color: #FFF; padding: 12px 25px; display: table; } .procenti { max-width: 400px; margin: auto; }\n .intro-basic > .highlighted { margin: auto !important; display: table; margin-top:30px; } .procenti h3 { color: #005e97; font-weight: 700; font-size: 28px; line-height: 32px; padding-top: 20px; } .intro-basic h2 { color: #005d97 !important; font-weight: 800 !important; font-family: 'Lato', Arial, Helvetica, sans-serif !important; } .intro-basic h3.uvod { font-weight: 300; letter-spacing: 1px; margin-top: 0; } h2 { font-size: 30px !important; line-height: 36px; margin-bottom: 20px; font-weight: 300; } .margins { margin-top: 20vh; margin-bottom: 20vh; } .page-head{background-color:transparent;} .minus-marg { margin-top: -130px; } .mask-photo:before { content: ' '; display: block; width: 100%; height: 9vw; position: absolute; background: #FFF; z-index: -1; left:0; } .center img{display:block;margin:auto;} .praznina { min-height: 120px; }<\/style>\n","protected":false},"excerpt":{"rendered":"<p>[Branta Canadensis &#8211; Oie canadienne] BRANTA [PLATE-FORME TAV\u2122 \/ WASP\u2122 DOT\u00c9E D\u2019UNE AILE DE PLUS GRANDE ENVERGURE ET PLUS PERFORMANTE EN HAUTE ALTITUDE] + Grande performance face aux drones en haute altitude et aux avions de reconnaissance. + Autonomie exceptionnelle (plus de 30 heures sans ravitaillement en essence) encore accrue gr\u00e2ce au ravitaillement a\u00e9rien manuel\/automatis\u00e9, [&hellip;]<\/p>\n","protected":false},"author":1,"featured_media":0,"parent":0,"menu_order":0,"comment_status":"closed","ping_status":"closed","template":"page-standard.php","meta":[],"_links":{"self":[{"href":"https:\/\/www.icarus-aerospace.com\/fr\/wp-json\/wp\/v2\/pages\/1273"}],"collection":[{"href":"https:\/\/www.icarus-aerospace.com\/fr\/wp-json\/wp\/v2\/pages"}],"about":[{"href":"https:\/\/www.icarus-aerospace.com\/fr\/wp-json\/wp\/v2\/types\/page"}],"author":[{"embeddable":true,"href":"https:\/\/www.icarus-aerospace.com\/fr\/wp-json\/wp\/v2\/users\/1"}],"replies":[{"embeddable":true,"href":"https:\/\/www.icarus-aerospace.com\/fr\/wp-json\/wp\/v2\/comments?post=1273"}],"version-history":[{"count":1,"href":"https:\/\/www.icarus-aerospace.com\/fr\/wp-json\/wp\/v2\/pages\/1273\/revisions"}],"predecessor-version":[{"id":1274,"href":"https:\/\/www.icarus-aerospace.com\/fr\/wp-json\/wp\/v2\/pages\/1273\/revisions\/1274"}],"wp:attachment":[{"href":"https:\/\/www.icarus-aerospace.com\/fr\/wp-json\/wp\/v2\/media?parent=1273"}],"curies":[{"name":"wp","href":"https:\/\/api.w.org\/{rel}","templated":true}]}}