{"id":1275,"date":"2020-08-06T02:08:40","date_gmt":"2020-08-06T02:08:40","guid":{"rendered":"https:\/\/www.icarus-aerospace.com\/?page_id=1275"},"modified":"2020-08-06T02:08:40","modified_gmt":"2020-08-06T02:08:40","slug":"vehicule-aerien-tactique-tav","status":"publish","type":"page","link":"https:\/\/www.icarus-aerospace.com\/fr\/vehicule-aerien-tactique-tav\/","title":{"rendered":"V\u00c9HICULE A\u00c9RIEN TACTIQUE &#8211; TAV"},"content":{"rendered":"<div class=\"jas-content pt__50 pb__50\">\n<div class=\"jas-container\">\n<div class=\"jas-row\">\n<h2 class=\"nn\">Premier du genre, un avion tactique enti\u00e8rement configurable.<\/p>\n<p>Reconfigurable \u00e0 volont\u00e9. Polyvalent, adapt\u00e9, et fiable!<\/h2>\n<div class=\"clearfix\">\n<\/div>\n<p class=\"center\"><img decoding=\"async\" src=\"https:\/\/www.icarus-aerospace.com\/files\/2020\/07\/icarus-aerospace-2020-01.jpg\"><\/p>\n<\/div>\n<\/div>\n<\/div>\n<div class=\"jas-content bg-white minus-marg pt__80 pb__30\">\n<div class=\"jas-container\">\n<div class=\"jas-row background-white\">\n<p class=\"center blck fs18\">90 % de la capacit\u00e9 de mission d&rsquo;un avion de combat moderne!<br \/>\n15 % du co\u00fbt d&rsquo;un avion de combat moderne!<br \/>\n100 % de flexibilit\u00e9!<br \/>\n<strong>SA CONCEPTION PERMET UNE UTILISATION 24 HEURES SUR 24, 7 JOURS SUR 7, 365 JOURS PAR ANN\u00c9E DANS DES ENVIRONNEMENTS HOSTILES!<\/strong><\/p>\n<p class=\"center mt__40\"><img decoding=\"async\" src=\"https:\/\/www.icarus-aerospace.com\/files\/tav-c.svg\" class=\"znak mt__10 mb__20\"><\/p>\n<h2 class=\"nn c\">[FLEXIBILIT\u00c9 D&rsquo;UTILISATION ET RECONFIGURATION DE LA PLATE-FORME A\u00c9RIENNE IN\u00c9GAL\u00c9ES]<\/h2>\n<div class=\"jas-col-md-6 jas-col-sm-6 jas-col-xs-12 nopaddingl\">\n<p><span class=\"blck\">+<\/span><br \/>\nPlate-forme a\u00e9rienne tr\u00e8s polyvalente, sp\u00e9cialis\u00e9e dans les missions, utilisant des technologies avanc\u00e9es de conception et de fabrication a\u00e9rospatiales.<\/p>\n<p><span class=\"blck\">+<\/span><br \/>\nS\u00e9curit\u00e9 et capacit\u00e9 de survie de l&rsquo;\u00e9quipage et des appareils ainsi que leur efficacit\u00e9 assur\u00e9es dans les conditions les plus difficiles et les th\u00e9\u00e2tres d&rsquo;op\u00e9rations les plus hostiles.<\/p>\n<p><span class=\"blck\">+<\/span><br \/>\nRavitaillement en vol (IFR) et le ravitaillement a\u00e9rien automatis\u00e9 (AAR) offrent une port\u00e9e et la capacit\u00e9 in\u00e9gal\u00e9e de rester dans les environs.<\/p>\n<\/div>\n<div class=\"jas-col-md-6 jas-col-sm-6 jas-col-xs-12 nopaddingr\">\n<p><span class=\"blck\">+<\/span><br \/>\nSyst\u00e8mes de mission int\u00e9gr\u00e9s et fusionn\u00e9s, syst\u00e8mes d&rsquo;armement et avionique de pointe, y compris le radar AESA \u00e0 360 degr\u00e9s, offrant des possibilit\u00e9s de reconnaissance de terrain et des capacit\u00e9s tactiques sans pr\u00e9c\u00e9dent.<\/p>\n<p><span class=\"blck\">+<\/span><br \/>\nConception permettant une grande fiabilit\u00e9 assortie de simplicit\u00e9 en mati\u00e8re de logistique et de maintenance.<\/p>\n<p><span class=\"blck\">+<\/span><br \/>\nSolution \u00ab plug-and-play \u00bb parfaite et abordable visant \u00e0 remplacer et m\u00eame \u00e0 surpasser les flottes vieillissantes et presque obsol\u00e8tes d&rsquo;h\u00e9licopt\u00e8res, d&rsquo;avions et de drones plus co\u00fbteux.<\/p>\n<\/div>\n<p class=\"center blck fs18\">PILOTAGE EN OPTION<br \/>\nPILOTAGE \u00c0 DISTANCE OU DE FA\u00c7ON TOTALEMENT AUTONOME SI LA MISSION L&rsquo;EXIGE<\/p>\n<\/div>\n<\/div>\n<\/div>\n<div class=\"praznina\"><\/div>\n<div class=\"jas-content pt__50 pb__50\">\n<div class=\"jas-container\">\n<div class=\"jas-row\">\n<p class=\"center\"><img decoding=\"async\" src=\"https:\/\/www.icarus-aerospace.com\/files\/2020\/07\/icarus-aerospace-2020-02.jpg\"><\/p>\n<\/div>\n<\/div>\n<\/div>\n<div class=\"jas-content bg-white minus-marg pt__80 pb__30\">\n<div class=\"jas-container\">\n<div class=\"jas-row background-white\">\n<p class=\"center\"><img decoding=\"async\" src=\"https:\/\/www.icarus-aerospace.com\/files\/wasp-c.svg\" class=\"znak mt__10 mb__20\"><\/p>\n<h2 class=\"nn c\">[L\u2019APPAREIL WASP EST UNE VERSION ENTI\u00c8REMENT MILITARIS\u00c9E DE TAV\u2122]<br \/>[SURVEILLANCE ARM\u00c9E ET MISSIONS DE PR\u00c9SENCE PERMANENTE]<\/h2>\n<div class=\"jas-col-md-6 jas-col-sm-6 jas-col-xs-12 nopaddingl\">\n<p><span class=\"blck\">+<\/span><br \/>\nAppui a\u00e9rien rapproch\u00e9 (CAS), contre-insurrection (COIN), contr\u00f4le a\u00e9rien avanc\u00e9 (FAC), \u00e9claireur a\u00e9rien arm\u00e9 (AAS), couverture des op\u00e9rations sp\u00e9ciales, recherche et sauvetage au combat (C-SAR). Protection de capitales \/ de villes, patrouille frontali\u00e8re.<\/p>\n<p><span class=\"blck\">+<\/span><br \/>\nPatrouille c\u00f4ti\u00e8re et maritime arm\u00e9e, lutte anti-sous-marine (ASW) et anti-piraterie.<\/p>\n<p><span class=\"blck\">+<\/span><br \/>\nRenseignement, surveillance et reconnaissance (ISR), guerre \u00e9lectronique (EW), renseignement sur les transmissions (SIGINT), relais COM\/INTEL et gestion du champ de bataille.<\/p>\n<\/div>\n<div class=\"jas-col-md-6 jas-col-sm-6 jas-col-xs-12 nopaddingr\">\n<p><span class=\"blck\">+<\/span><br \/>\n\u00c9vacuation sanitaire (MEDEVAC), R\u00e9armement et r\u00e9approvisionnement, Ravitaillement en carburant.<\/p>\n<p><span class=\"blck\">+<\/span><br \/>\nMissions avec pilotage optionnel \u00e0 distance (RPV) ainsi que possibilit\u00e9 d&rsquo;autonomie totale dans le cadre de diverses missions.<\/p>\n<p><span class=\"blck\">+<\/span><br \/>\nEnti\u00e8rement en r\u00e9seau et possibilit\u00e9 de fonctionner en formation (SWARM).<\/p>\n<\/div>\n<p class=\"center blck fs18\">UNE V\u00c9RITABLE SOLUTION POUR D\u00c9CUPLER L\u2019IMPACT DES FORCES ARM\u00c9ES ET DE S\u00c9CURIT\u00c9.<\/p>\n<\/div>\n<\/div>\n<\/div>\n<div class=\"jas-content bg-white pt__50 pb__30 mt__70\">\n<div class=\"jas-container\">\n<div class=\"jas-row background-white\">\n<p class=\"center blck blckbckg fs18 mxw17\">NOTRE MONDE \u00c9VOLUE &#8211; AINSI QUE LES MENACES<\/p>\n<\/div>\n<\/div>\n<\/div>\n<p class=\"center mask-photo mxw17\"><img decoding=\"async\" src=\"https:\/\/www.icarus-aerospace.com\/files\/2020\/07\/icarus-aerospace-2020-03.jpg\"><\/p>\n<div class=\"jas-content bg-white pt__50 mt__70\">\n<div class=\"jas-container\">\n<div class=\"jas-row background-white\">\n<p class=\"center mt__20\"><img decoding=\"async\" src=\"https:\/\/www.icarus-aerospace.com\/files\/wasp-c.svg\" class=\"znak\"><\/p>\n<h2 class=\"nn c\">[SP\u00c9CIFICATIONS]<\/h2>\n<div class=\"jas-col-md-2 jas-col-sm-2 jas-col-xs-12 nopaddingl\">\n<\/div>\n<div class=\"jas-col-md-4 jas-col-sm-4 jas-col-xs-12 nopaddingl\">\n<p><strong>G\u00e9n\u00e9rales:<\/strong><br \/>\n<span class=\"blck\">+<\/span> Poids maximum au d\u00e9collage (MTOW) : jusqu&rsquo;\u00e0 21 000 lb<br \/>\n<span class=\"blck\">+<\/span> Envergure de l&rsquo;aile : 15,5m (51 pieds)<br \/>\n<span class=\"blck\">+<\/span> Longueur : 15,85 m (52 pieds)<br \/>\n<span class=\"blck\">+<\/span> Groupe \u00e9lectrog\u00e8ne : 2 x 1700 SHP<br \/>\n<span class=\"blck\">+<\/span> Groupe \u00e9lectrog\u00e8ne d\u2019appoint (APU) : optionnel<br \/>\n<span class=\"blck\">+<\/span> Radar AESA 360 degr\u00e9s install\u00e9 en option<br \/>\n<span class=\"blck\">+<\/span> Jusqu&rsquo;\u00e0 deux tourelles FLIR (mont\u00e9es sous le nez ou la nacelle, r\u00e9tractables)<\/p>\n<p><strong>Performance:<\/strong><br \/>\n<span class=\"blck\">+<\/span> V<sub>MO<\/sub>: 360 KCAS<br \/>\n<span class=\"blck\">+<\/span> V<sub>SR<\/sub>: 70 KCAS<br \/>\n<span class=\"blck\">+<\/span> Plafond de service (avec personnel) : 36 000 pieds<br \/>\n<span class=\"blck\">+<\/span> Capacit\u00e9 de G chargement +8 \/ -4<br \/>\n<span class=\"blck\">+<\/span> Plafond de service (sans personnel) : selon la mission \/ l&rsquo;\u00e9quipement<br \/>\n<span class=\"blck\">+<\/span> Autonomie sans ravitaillement en carburant : 6,5 heures<br \/>\n&nbsp;&nbsp;&nbsp;&nbsp;<span class=\"blck\">+<\/span> Ajout d\u2019une r\u00e9serve de 45 min : jusqu&rsquo;\u00e0 1 300 milles marins<br \/>\n<span class=\"blck\">+<\/span> Autonomie avec r\u00e9servoir de carburant interne auxiliaire : 9 heures<br \/>\n&nbsp;&nbsp;&nbsp;&nbsp;<span class=\"blck\">+<\/span> Possibilit\u00e9 avec r\u00e9serve de 45 min : jusqu&rsquo;\u00e0 2 000 milles marins<br \/>\n<span class=\"blck\">+<\/span> Autonomie avec ravitaillement : Limite de l&rsquo;\u00e9quipage.<br \/>\n<span class=\"blck\">+<\/span> Avion \u00e0 d\u00e9collage et \u00e0 atterrissage courts (STOL)<\/p>\n<\/div>\n<div class=\"jas-col-md-4 jas-col-sm-4 jas-col-xs-12 nopaddingr\">\n<p><strong>Armament:<\/strong><br \/>\n<span class=\"blck\">+<\/span> Jusqu&rsquo;\u00e0 11 points d\u2019ancrage externes<br \/>\n<span class=\"blck\">+<\/span> Jusqu&rsquo;\u00e0 8 000 livres de charge totale<br \/>\n<span class=\"blck\">+<\/span> Un canon fixe pour le tir vers l&rsquo;avant (au choix du client)<br \/>\n<span class=\"blck\">+<\/span> Un canon \u00e0 tourelle de 360 degr\u00e9s mont\u00e9 sous la nacelle (jusqu&rsquo;\u00e0 30 mm), install\u00e9 en option<br \/>\n<span class=\"blck\">+<\/span> Bombes et missiles \u00e0 guidage laser<br \/>\n<span class=\"blck\">+<\/span> Munition guid\u00e9e par GPS<br \/>\n<span class=\"blck\">+<\/span> Jusqu&rsquo;\u00e0 deux torpilles<br \/>\n<span class=\"blck\">+<\/span> Bou\u00e9es sonores<br \/>\n<span class=\"blck\">+<\/span> Missiles antinavires<br \/>\n<span class=\"blck\">+<\/span> Missiles air-air<br \/>\n<span class=\"blck\">+<\/span> Bombes et missiles conventionnels non guid\u00e9s<\/p>\n<p><strong>Jusqu&rsquo;\u00e0 deux membres d\u2019\u00e9quipage.<\/strong><br \/>\n<span class=\"blck\">+<\/span> Pilote + op\u00e9rateur de syst\u00e8mes, pilote seul ou sans aucun equipage<\/p>\n<p><strong>Conditions de fonctionnement :<\/strong><br \/>\n<span class=\"blck\">+<\/span> Jour, Nuit, Conditions m\u00e9t\u00e9orologiques de vol \u00e0 vue ou aux instruments, Tout temps, M\u00eame avec risque de givrage (FIKI)<br \/>\n<span class=\"blck\">+<\/span> Gravier et pistes d&rsquo;atterrissage accident\u00e9es non pr\u00e9par\u00e9es<br \/>\n<span class=\"blck\">+<\/span> Environnement aust\u00e8re<br \/>\n<span class=\"blck\">+<\/span> Autod\u00e9ployable\n<\/p>\n<\/div>\n<div class=\"jas-col-md-2 jas-col-sm-2 jas-col-xs-12 nopaddingl\">\n<\/div>\n<\/div>\n<\/div>\n<\/div>\n<p class=\"center mask-photo mxw17\"><img decoding=\"async\" src=\"https:\/\/www.icarus-aerospace.com\/files\/2020\/07\/icarus-aerospace-2020-04.jpg\"><\/p>\n<div class=\"jas-content bg-white minus-marg pt__80 pb__30\" style=\"margin-top: -80px;\">\n<div class=\"mxw17\">\n<p class=\"center blck blckbckg fs18 mxw17\" style=\"font-size: 26px;\">NOUS INVENTONS CE QUE NOUS FABRIQUONS<\/p>\n<h2 class=\"nn c\">En savoir plus<\/h2>\n<div class=\"jas-row\">\n<div class=\"jas-col-md-6 jas-col-sm-6 jas-col-xs-12\">\n<p>En raison de la nature de notre appareil et de son stade de d\u00e9veloppement pr\u00e9coce, ICARUS doit imposer des restrictions sur la communication des sp\u00e9cifications techniques et des donn\u00e9es sur la performance. Ces informations sont exclusives et privil\u00e9gi\u00e9es.<\/p>\n<\/div>\n<div class=\"jas-col-md-6 jas-col-sm-6 jas-col-xs-12\">\n<p>Si vous souhaitez en savoir plus sur notre avion TAV\u2122, veuillez remplir le questionnaire pour nous contacter <a href=\"http:\/\/www.icarus-aerospace.com\/fr\/form\/\" class=\"plink\">contacter.<\/a><\/p>\n<\/div>\n<\/div>\n<\/div>\n<\/div>\n<div class=\"jas-content pt__40 pb__50 margins\">\n<div class=\"jas-container\">\n<\/div>\n<\/div>\n<style>div#div_loading_progress p { display: none; } p.highlighted { background-color: #005e97; color: #FFF; padding: 12px 25px; display: table; } .procenti { max-width: 400px; margin: auto; }\n .intro-basic > .highlighted { margin: auto !important; display: table; margin-top:30px; } .procenti h3 { color: #005e97; font-weight: 700; font-size: 28px; line-height: 32px; padding-top: 20px; } .intro-basic h2 { color: #005d97 !important; font-weight: 800 !important; font-family: 'Lato', Arial, Helvetica, sans-serif !important; } .intro-basic h3.uvod { font-weight: 300; letter-spacing: 1px; margin-top: 0; } h2 { font-size: 30px !important; line-height: 36px; margin-bottom: 20px; font-weight: 300; } .margins { margin-top: 20vh; margin-bottom: 20vh; } .page-head{background-color:transparent;} .minus-marg { margin-top: -130px; } .mask-photo:before { content: ' '; display: block; width: 100%; height: 9vw; position: absolute; background: #FFF; z-index: -1; left:0; } .center img{display:block;margin:auto;} .praznina { min-height: 120px; }<\/style>\n","protected":false},"excerpt":{"rendered":"<p>Premier du genre, un avion tactique enti\u00e8rement configurable. Reconfigurable \u00e0 volont\u00e9. Polyvalent, adapt\u00e9, et fiable! 90 % de la capacit\u00e9 de mission d&rsquo;un avion de combat moderne! 15 % du co\u00fbt d&rsquo;un avion de combat moderne! 100 % de flexibilit\u00e9! SA CONCEPTION PERMET UNE UTILISATION 24 HEURES SUR 24, 7 JOURS SUR 7, 365 JOURS [&hellip;]<\/p>\n","protected":false},"author":1,"featured_media":0,"parent":0,"menu_order":0,"comment_status":"closed","ping_status":"closed","template":"page-standard.php","meta":[],"_links":{"self":[{"href":"https:\/\/www.icarus-aerospace.com\/fr\/wp-json\/wp\/v2\/pages\/1275"}],"collection":[{"href":"https:\/\/www.icarus-aerospace.com\/fr\/wp-json\/wp\/v2\/pages"}],"about":[{"href":"https:\/\/www.icarus-aerospace.com\/fr\/wp-json\/wp\/v2\/types\/page"}],"author":[{"embeddable":true,"href":"https:\/\/www.icarus-aerospace.com\/fr\/wp-json\/wp\/v2\/users\/1"}],"replies":[{"embeddable":true,"href":"https:\/\/www.icarus-aerospace.com\/fr\/wp-json\/wp\/v2\/comments?post=1275"}],"version-history":[{"count":1,"href":"https:\/\/www.icarus-aerospace.com\/fr\/wp-json\/wp\/v2\/pages\/1275\/revisions"}],"predecessor-version":[{"id":1276,"href":"https:\/\/www.icarus-aerospace.com\/fr\/wp-json\/wp\/v2\/pages\/1275\/revisions\/1276"}],"wp:attachment":[{"href":"https:\/\/www.icarus-aerospace.com\/fr\/wp-json\/wp\/v2\/media?parent=1275"}],"curies":[{"name":"wp","href":"https:\/\/api.w.org\/{rel}","templated":true}]}}