{"id":350,"date":"2018-01-05T00:50:35","date_gmt":"2018-01-05T00:50:35","guid":{"rendered":"https:\/\/www.icarus-aerospace.com\/?page_id=350"},"modified":"2018-11-21T22:56:32","modified_gmt":"2018-11-21T22:56:32","slug":"description-generale","status":"publish","type":"page","link":"https:\/\/www.icarus-aerospace.com\/fr\/description-generale\/","title":{"rendered":"Description g\u00e9n\u00e9rale"},"content":{"rendered":"<div class=\"jas-content pt__50 pb__50\">\n<div class=\"jas-container\">\n<div class=\"jas-row\">\n<h2 class=\"nn\">Premier du genre, un avion tactique faisant \u2018table rase\u2019.<br \/>\nReconfigurable \u00e0 volont\u00e9, versatile, adapt\u00e9, et fiable.<\/h2>\n<div class=\"clearfix\">\n<\/div>\n<p class=\"center\"><img decoding=\"async\" src=\"https:\/\/www.icarus-aerospace.com\/files\/tav-wasp.svg\" class=\"znak mt__10 mb__20\" style=\"max-width: 184px; max-height: initial;\"><\/p>\n<p class=\"center\"><img decoding=\"async\" src=\"https:\/\/www.icarus-aerospace.com\/files\/basic-info-fr.png\"><\/p>\n<\/div>\n<\/div>\n<\/div>\n<div class=\"jas-content bg-white minus-marg pt__80 pb__30\">\n<div class=\"jas-container\">\n<div class=\"jas-row background-white\">\n<p class=\"center\"><img decoding=\"async\" src=\"https:\/\/www.icarus-aerospace.com\/files\/tav.svg\" class=\"znak mt__10 mb__20\"><\/p>\n<h2 class=\"nn c\">[AVION TACTIQUE, L\u00c9GER]<\/h2>\n<div class=\"jas-col-md-6 jas-col-sm-6 jas-col-xs-12 nopaddingl\">\n<p><span class=\"blck\">+<\/span><br \/>\nUne plateforme de mission sp\u00e9cialis\u00e9e qui r\u00e9sulte de m\u00e9thodes technologiques innovatrices en mati\u00e8re de conception et de fabrication avion.<\/p>\n<p><span class=\"blck\">+<\/span><br \/>\nCon\u00e7u pour assumer des r\u00f4les vari\u00e9s, cet appareil offre \u00e0 ses utilisateurs une vaste gamme de capabilit\u00e9s op\u00e9rationnelles. De part sa conception, TAV \u2122 assure une grande flexibilit\u00e9 dans l\u2019accomplissement de missions tactiques.<\/p>\n<\/div>\n<div class=\"jas-col-md-6 jas-col-sm-6 jas-col-xs-12 nopaddingr\">\n<p><span class=\"blck\">+<\/span><br \/>\nLes syst\u00e8mes de mission int\u00e9gr\u00e9s et les syst\u00e8mes d\u2019armement sont minutieusement combin\u00e9s \u00e0 un syst\u00e8me avionique avanc\u00e9. L\u2019ensemble promet une localisation dans l\u2019espace et une capabilit\u00e9 tactique de premi\u00e8re classe.<\/p>\n<p><span class=\"blck\">+<\/span><br \/>\nLa s\u00e9curit\u00e9 et la survivabilit\u00e9 de l\u2019\u00e9quipage et de l\u2019appareil, de m\u00eame que leur efficacit\u00e9 op\u00e9rationnelle, sont pr\u00e9serv\u00e9es sous les conditions les plus difficiles, et les th\u00e9\u00e2tres d\u2019action les plus hostiles.<\/p>\n<\/div>\n<p class=\"center blck fs18\">SOUPLESSE D\u2019UTILISATION ET POTENTIEL DE RECONFIGURATION SONT SANS PAREIL.<\/p>\n<\/div>\n<\/div>\n<\/div>\n<p class=\"center mt__80\"><img decoding=\"async\" src=\"https:\/\/www.icarus-aerospace.com\/files\/tav.svg\" class=\"znak\"><\/p>\n<h2 class=\"nn c\">[AVION TACTIQUE, L\u00c9GER]<\/h2>\n<div class=\"jas-content bg-white pt__50 pb__30 mt__70\">\n<div class=\"jas-container\">\n<div class=\"jas-row background-white\">\n<p class=\"center blck fs18\">V\u00c9HICULE OPTIONNELLEMENT PILOT\u00c9<br \/>\nLE PILOTAGE A DISTANCE, AINSI QUE L\u2019AUTONOMIE COMPLETE DE VOL, SONT DES OPTIONS DISPONIBLES POUR SATISFAIRE DES PROFILS DE MISSION UNIQUES ET SPECIALISES.<\/p>\n<div class=\"jas-col-md-6 jas-col-sm-6 jas-col-xs-12 nopaddingl\">\n<p><span class=\"blck\">+<\/span><br \/>\nSous son \u00e9tiquette SWING-ROLE, le TAV \u2122 offre une solution \u00e9conomique au service des gouvernements et des agences de contre insurrection. Il est con\u00e7u pour remplacer et surpasser les flottes \u00e2g\u00e9es, en \u00e9tat d\u2019obsolescence, de m\u00eame que d\u2019autres avions et h\u00e9licopt\u00e8res beaucoup plus couteux.<\/p>\n<p><span class=\"blck\">+<\/span><br \/>\nRavitaillement en vol en mode manuel (IFR) et automatique (AAR), offrant des capacit\u00e9s de missions \u00e9rrantes de longue dur\u00e9e ainsi qu&rsquo;un rayon d&rsquo;action incomparables.<\/p>\n<\/div>\n<div class=\"jas-col-md-6 jas-col-sm-6 jas-col-xs-12 nopaddingr\">\n<p><span class=\"blck\">+<\/span><br \/>\nLe TAV \u2122 pr\u00e9muni un potentiel de reconfiguration rapide, ainsi qu\u2019une adaptation facile aux profils de missions vari\u00e9s et diff\u00e9rents.<\/p>\n<p><span class=\"blck\">+<\/span><br \/>\nLe TAV \u2122 est unique \u00e0 bien des \u00e9gards. Il excelle en r\u00e9pondant \u00e0 toutes les menaces pr\u00e9sentes et futures auxquelles notre monde doit faire face.<\/p>\n<\/div>\n<p class=\"center blck fs18\">QUALIFICATIONS COMMUNES DE TYPE \u2013 SIMPLICIT\u00c9 EN LOGISTIQUE ET ENTRETIEN.<\/p>\n<\/div>\n<\/div>\n<\/div>\n<p class=\"center mask-photo mxw17\"><img decoding=\"async\" src=\"https:\/\/www.icarus-aerospace.com\/files\/basic-info-en-03.jpg\"><\/p>\n<div class=\"jas-content bg-white pt__50 mt__70\">\n<div class=\"jas-container\">\n<div class=\"jas-row background-white\">\n<p class=\"center mt__20\"><img decoding=\"async\" src=\"https:\/\/www.icarus-aerospace.com\/files\/wasp.svg\" class=\"znak\"><\/p>\n<h2 class=\"nn c\" style=\"font-size: 22px !important;\">[VERSION MILITARISEE DU TAV<sup>MC<\/sup> &#8211; CON\u00c7U D\u00c9S LE D\u00c9PART POUR ASSUMER DES MISSIONS VARI\u00c9ES]<\/h2>\n<div class=\"jas-col-md-2 jas-col-sm-2 jas-col-xs-12 nopaddingl\">\n<\/div>\n<div class=\"jas-col-md-4 jas-col-sm-4 jas-col-xs-12 nopaddingl\">\n<p>\n<span class=\"blck\">+<\/span> CAS \/ COIN \/ FAC-A \/ Operations SOCOM<br \/>\n<span class=\"blck\">+<\/span> Soutien operationel C-SAR \/ SAR<br \/>\n<span class=\"blck\">+<\/span> Capture de renseignements, surveillance et reconnaissance (ISR)<br \/>\n<span class=\"blck\">+<\/span> Surveillance des cotes \/ Patrouille maritime \/ Mission anti-piraterie\n<\/p>\n<\/div>\n<div class=\"jas-col-md-4 jas-col-sm-4 jas-col-xs-12 nopaddingr\">\n<p>\n<span class=\"blck\">+<\/span> Patrouille fronti\u00e8re et protection<br \/>\n<span class=\"blck\">+<\/span> Protection civile \/ Patrouille urbaine<br \/>\n<span class=\"blck\">+<\/span> Guerre electronique (EW &#038; SIGNIT)<br \/>\n<span class=\"blck\">+<\/span> COM \/ Relai intel &#038; gerance des zones de conflit<br \/>\n<span class=\"blck\">+<\/span> Medivac militaire \/ Mission de re-approvisionnement<br \/>\n<span class=\"blck\">+<\/span> OPV \/ RPV (operations autonomes sans pilote)\n<\/p>\n<\/div>\n<div class=\"jas-col-md-2 jas-col-sm-2 jas-col-xs-12 nopaddingl\">\n<\/div>\n<p class=\"center blck fs18\">PR\u00c9SENCE A\u00c9RIENNE SOUTENUE PEU CO\u00dbTEUSE ET AVION PATROUILLE.<\/p>\n<\/div>\n<\/div>\n<\/div>\n<p class=\"center mask-photo mxw17\"><img decoding=\"async\" src=\"https:\/\/www.icarus-aerospace.com\/files\/basic-info-en-05.jpg\"><\/p>\n<div class=\"jas-content bg-white minus-marg pt__80 pb__30\" style=\"margin-top: -80px;\">\n<div class=\"mxw17\">\n<p class=\"center blck blckbckg fs18 mxw17\">LE MONDE EST EN EVOLUTION  \u2013 LES MENACES LE SONT AUSSI<\/p>\n<\/div>\n<\/div>\n<div class=\"jas-content pt__40 pb__50 margins\">\n<div class=\"jas-container\">\n<\/div>\n<\/div>\n<style>div#div_loading_progress p { display: none; } p.highlighted { background-color: #005e97; color: #FFF; padding: 12px 25px; display: table; } .procenti { max-width: 400px; margin: auto; }\n .intro-basic > .highlighted { margin: auto !important; display: table; margin-top:30px; } .procenti h3 { color: #005e97; font-weight: 700; font-size: 28px; line-height: 32px; padding-top: 20px; } .intro-basic h2 { color: #005d97 !important; font-weight: 800 !important; font-family: 'Lato', Arial, Helvetica, sans-serif !important; } .intro-basic h3.uvod { font-weight: 300; letter-spacing: 1px; margin-top: 0; } h2 { font-size: 30px !important; line-height: 36px; margin-bottom: 20px; font-weight: 300; } .margins { margin-top: 20vh; margin-bottom: 20vh; } .page-head{background-color:transparent;} .minus-marg { margin-top: -130px; } .mask-photo:before { content: ' '; display: block; width: 100%; height: 9vw; position: absolute; background: #FFF; z-index: -1; left:0; } .center img{display:block;margin:auto;}<\/style>\n","protected":false},"excerpt":{"rendered":"<p>Premier du genre, un avion tactique faisant \u2018table rase\u2019. Reconfigurable \u00e0 volont\u00e9, versatile, adapt\u00e9, et fiable. [AVION TACTIQUE, L\u00c9GER] + Une plateforme de mission sp\u00e9cialis\u00e9e qui r\u00e9sulte de m\u00e9thodes technologiques innovatrices en mati\u00e8re de conception et de fabrication avion. + Con\u00e7u pour assumer des r\u00f4les vari\u00e9s, cet appareil offre \u00e0 ses utilisateurs une vaste gamme [&hellip;]<\/p>\n","protected":false},"author":1,"featured_media":0,"parent":0,"menu_order":0,"comment_status":"closed","ping_status":"closed","template":"page-standard.php","meta":[],"_links":{"self":[{"href":"https:\/\/www.icarus-aerospace.com\/fr\/wp-json\/wp\/v2\/pages\/350"}],"collection":[{"href":"https:\/\/www.icarus-aerospace.com\/fr\/wp-json\/wp\/v2\/pages"}],"about":[{"href":"https:\/\/www.icarus-aerospace.com\/fr\/wp-json\/wp\/v2\/types\/page"}],"author":[{"embeddable":true,"href":"https:\/\/www.icarus-aerospace.com\/fr\/wp-json\/wp\/v2\/users\/1"}],"replies":[{"embeddable":true,"href":"https:\/\/www.icarus-aerospace.com\/fr\/wp-json\/wp\/v2\/comments?post=350"}],"version-history":[{"count":31,"href":"https:\/\/www.icarus-aerospace.com\/fr\/wp-json\/wp\/v2\/pages\/350\/revisions"}],"predecessor-version":[{"id":942,"href":"https:\/\/www.icarus-aerospace.com\/fr\/wp-json\/wp\/v2\/pages\/350\/revisions\/942"}],"wp:attachment":[{"href":"https:\/\/www.icarus-aerospace.com\/fr\/wp-json\/wp\/v2\/media?parent=350"}],"curies":[{"name":"wp","href":"https:\/\/api.w.org\/{rel}","templated":true}]}}