{"id":353,"date":"2018-01-05T00:56:22","date_gmt":"2018-01-05T00:56:22","guid":{"rendered":"https:\/\/www.icarus-aerospace.com\/?page_id=353"},"modified":"2018-11-21T22:54:33","modified_gmt":"2018-11-21T22:54:33","slug":"notre-mission","status":"publish","type":"page","link":"https:\/\/www.icarus-aerospace.com\/fr\/notre-mission\/","title":{"rendered":"NOTRE MISSION"},"content":{"rendered":"<div class=\"jas-content bg-white pt__40 pb__50\">\n<div class=\"jas-container\">\n<div class=\"jas-row background-white\">\n<div class=\"jas-col-md-6 jas-col-sm-6 jas-col-xs-12\">\n<h2>D\u00c9CLARATION<\/h2>\n<p>ICARUS A\u00e9rospatial est un fournisseur mondial de produits a\u00e9ronautiques sp\u00e9cialis\u00e9s et uniques, de conception \u00e9prouv\u00e9e. Nous concevons, assemblons, homologuons et supportons la mise en service d\u2019a\u00e9ronefs novateurs, faciles \u00e0 reconfigurer en vue de missions multiples dans une large gamme de th\u00e9\u00e2tres op\u00e9rationnels. Notre mission : allier pr\u00e9voyance et innovation. ICARUS excelle dans la cr\u00e9ation d\u2019exigences techniques solides, l\u2019int\u00e9gration de produits de classe mondiale, ainsi que l\u2019ex\u00e9cution \u00e0 temps et sans d\u00e9faut.<\/p>\n<\/div>\n<div class=\"jas-col-md-6 jas-col-sm-6 jas-col-xs-12\">\n<h2>VALEURS FONDAMENTALES<\/h2>\n<p>L\u2019\u00e9quipe fondatrice d\u2019ICARUS valorise la conception innovatrice, l\u2019adaptabilit\u00e9 et la r\u00e9activit\u00e9 aux besoins du client, les relations d\u2019affaires durables et enrichissantes, le respect mutuel et une attention constante sur l\u2019atteinte des r\u00e9sultats. Notre talent conceptuel vise des performances op\u00e9rationnelles sans \u00e9gal tout en respectant l\u2019environnement. Notre gestion des risques des plus dynamiques nous permet d\u2019am\u00e9liorer sans cesse nos solutions techniques pour que nos produits atteignent des niveaux de performance sans \u00e9gal. Notre cr\u00e9ativit\u00e9 nous permet d\u2019offrir et de supporter des produits robustes, polyvalents et d\u2019une grande fiabilit\u00e9. En mati\u00e8re de s\u00e9curit\u00e9, nous ne prenons aucun risque inutile. Chez ICARUS, nous nous employons \u00e0 innover en veillant \u00e0 pr\u00e9server et \u00e0 am\u00e9liorer le bien-\u00eatre et la s\u00e9curit\u00e9 d\u2019autrui.<\/p>\n<\/div>\n<\/div>\n<\/div>\n<\/div>\n<div class=\"jas-content pt__40 pb__50 margins\">\n<div class=\"jas-container\">\n<\/div>\n<\/div>\n","protected":false},"excerpt":{"rendered":"<p>D\u00c9CLARATION ICARUS A\u00e9rospatial est un fournisseur mondial de produits a\u00e9ronautiques sp\u00e9cialis\u00e9s et uniques, de conception \u00e9prouv\u00e9e. Nous concevons, assemblons, homologuons et supportons la mise en service d\u2019a\u00e9ronefs novateurs, faciles \u00e0 reconfigurer en vue de missions multiples dans une large gamme de th\u00e9\u00e2tres op\u00e9rationnels. Notre mission : allier pr\u00e9voyance et innovation. ICARUS excelle dans la cr\u00e9ation [&hellip;]<\/p>\n","protected":false},"author":1,"featured_media":0,"parent":0,"menu_order":0,"comment_status":"closed","ping_status":"closed","template":"page-standard.php","meta":[],"_links":{"self":[{"href":"https:\/\/www.icarus-aerospace.com\/fr\/wp-json\/wp\/v2\/pages\/353"}],"collection":[{"href":"https:\/\/www.icarus-aerospace.com\/fr\/wp-json\/wp\/v2\/pages"}],"about":[{"href":"https:\/\/www.icarus-aerospace.com\/fr\/wp-json\/wp\/v2\/types\/page"}],"author":[{"embeddable":true,"href":"https:\/\/www.icarus-aerospace.com\/fr\/wp-json\/wp\/v2\/users\/1"}],"replies":[{"embeddable":true,"href":"https:\/\/www.icarus-aerospace.com\/fr\/wp-json\/wp\/v2\/comments?post=353"}],"version-history":[{"count":7,"href":"https:\/\/www.icarus-aerospace.com\/fr\/wp-json\/wp\/v2\/pages\/353\/revisions"}],"predecessor-version":[{"id":689,"href":"https:\/\/www.icarus-aerospace.com\/fr\/wp-json\/wp\/v2\/pages\/353\/revisions\/689"}],"wp:attachment":[{"href":"https:\/\/www.icarus-aerospace.com\/fr\/wp-json\/wp\/v2\/media?parent=353"}],"curies":[{"name":"wp","href":"https:\/\/api.w.org\/{rel}","templated":true}]}}