{"id":355,"date":"2018-01-05T00:58:51","date_gmt":"2018-01-05T00:58:51","guid":{"rendered":"https:\/\/www.icarus-aerospace.com\/?page_id=355"},"modified":"2018-11-21T22:55:14","modified_gmt":"2018-11-21T22:55:14","slug":"notre-adn","status":"publish","type":"page","link":"https:\/\/www.icarus-aerospace.com\/fr\/notre-adn\/","title":{"rendered":"NOTRE ADN"},"content":{"rendered":"<div class=\"jas-content bg-white pt__40 pb__50\">\n<div class=\"jas-container\">\n<div class=\"jas-row background-white\">\n<div class=\"jas-col-md-6 jas-col-sm-6 jas-col-xs-12\">\n<h2>NOTRE IDENTIT\u00c9<\/h2>\n<p>ICARUS A\u00e9rospatial a \u00e9t\u00e9 officiellement incorpor\u00e9e au d\u00e9but de 2016 et s\u2019est \u00e9tablie \u00e0 Montr\u00e9al, Qu\u00e9bec, Canada. L\u2019\u00e9quipe fondatrice d\u2019ICARUS est form\u00e9e de plusieurs ing\u00e9nieurs principaux de r\u00e9putation internationale et d\u2019autres experts techniques, tous hautement qualifi\u00e9s. Chacun de nos associ\u00e9s contribue avec fiert\u00e9 \u00e0 la conception de notre nouvel appareil, dans leurs disciplines respectives. ICARUS s\u2019appuie \u00e9galement sur un impressionnant r\u00e9seau de partenaires, fournisseurs et collaborateurs. Tous partagent une passion commune pour l\u2019excellence tant sur le plan de la conception que de la mise en service.<\/p>\n<\/div>\n<div class=\"jas-col-md-6 jas-col-sm-6 jas-col-xs-12\">\n<h2>&nbsp;<\/h2>\n<p>L\u2019\u00e9quipe de direction applique des connaissances rigoureusement d\u00e9montr\u00e9es. Nous g\u00e9rons les risques en en \u00e9valuant soigneusement les cons\u00e9quences. Nous menons nos projets avec \u00e9nergie et enthousiasme, notre but \u00e9tant de nous \u00e9tablir au Canada comme chef de file dans les secteurs de l\u2019a\u00e9ronautique et de la d\u00e9fense. La client\u00e8le que nous visons : le secteur priv\u00e9, les domaines militaire et de la d\u00e9fense ainsi que les gouvernements. ICARUS peut se hisser au-dessus de la concurrence gr\u00e2ce \u00e0 une gamme unique de produits et \u00e0 l\u2019acc\u00e8s \u00e0 des experts de tr\u00e8s haut niveau de l\u2019a\u00e9rospatiale au Canada et \u00e0 l\u2019\u00e9tranger.<\/p>\n<p style=\"font-size:26px;\">NOUS INVENTONS CE QUE NOUS FABRIQUONS !<\/p>\n<\/div>\n<\/div>\n<\/div>\n<\/div>\n<div class=\"jas-content bg-white pt__80 pb__90 margins\">\n<div class=\"jas-container\">\n<div class=\"jas-row background-white\">\n<div class=\"jas-col-md-6 jas-col-sm-12 jas-col-xs-12\">\n<h2>ICARUS \u2013 VOL LEGENDAIRE<\/h2>\n<p class=\"mt__30\">Selon la mythologie grecque, Icarus (\u1f3c\u03ba\u03b1\u03c1\u03bf\u03c2 en Grec Ancient, prononc\u00e9 I-ka-rus) \u00e9tait le fils d\u2019un Maitre Artisan du nom de Daedalus, inventeur du Labyrinthe.  Icarus et son p\u00e8re essay\u00e8rent de s\u2019\u00e9chapper de l\u2019Isle de Cr\u00e8te en utilisant une paire d\u2019ailes que Daedalus fabriqua \u00e0 l\u2019aide de plumage et de cire. Daedalus fut le premier \u00e0 essayer la paire d\u2019ailes, mais avant de consid\u00e9rer sa fuite de Cr\u00e8te, il demanda \u00e0 son fils de respecter pr\u00e9cis\u00e9ment sa trajectoire de vol, et le pr\u00e9vint de ne jamais voler trop proche du soleil, ou trop proche de la surface de la mer.  Enthousiasm\u00e9 par l\u2019id\u00e9e enivrante de voler, Icarus se lan\u00e7a vers les cieux, volant toujours plus haut et toujours plus vite. Ayant approch\u00e9 le soleil de trop pr\u00eat, la chaleur intense de l\u2019astre fondu la cire qui retenait le plumage d\u00e9licat des ailes, et elles se d\u00e9sint\u00e9gr\u00e8rent. Ayant perdu contr\u00f4le, Icarus tourbillonna vers sa mort et chut\u00e2t en mer ou il se noy\u00e2t, devenant ainsi la toute premi\u00e8re victime de la passion du vol et du d\u00e9sir \u00e9ternel de voler toujours plus haut et toujours plus vite. De nos jours, l\u2019endroit o\u00f9 Icarus disparut porte son nom, la Mer Icarienne proche d\u2019Icaria, une petite Isle situ\u00e9e au sud-ouest de Samos, en Gr\u00e8ce.<\/p>\n<p>Chez Icarus A\u00e9rospatial, un instinct merveilleusement cr\u00e9atif, combin\u00e9 \u00e0 l\u2019application sage et mesur\u00e9e de nos connaissances et de notre exp\u00e9rience, s\u2019appliquent \u00e0 ce que nous inventons et \u00e0 tout ce que nous fabriquons.<\/p>\n<\/div>\n<div class=\"jas-col-md-6 jas-col-sm-12 jas-col-xs-12 center\">\n<img decoding=\"async\" src=\"https:\/\/www.icarus-aerospace.com\/files\/2018\/05\/icarus-legend.png\" alt=\"Icarus - Legend of flight\" class=\"mt__60\">\n<\/div>\n<\/div>\n<p class=\"center mt__50 pt__30\" style=\"border-top:1px solid #e2e2e2;\"><a href=\"https:\/\/www.defenceandsecurity.ca\/\" target=\"_blank\"><img decoding=\"async\" src=\"https:\/\/www.icarus-aerospace.com\/files\/2018\/02\/CADSI_Member_Badge_ENFR.png\" alt=\"CADSI Member\"><\/a><\/p>\n<\/div>\n","protected":false},"excerpt":{"rendered":"<p>NOTRE IDENTIT\u00c9 ICARUS A\u00e9rospatial a \u00e9t\u00e9 officiellement incorpor\u00e9e au d\u00e9but de 2016 et s\u2019est \u00e9tablie \u00e0 Montr\u00e9al, Qu\u00e9bec, Canada. L\u2019\u00e9quipe fondatrice d\u2019ICARUS est form\u00e9e de plusieurs ing\u00e9nieurs principaux de r\u00e9putation internationale et d\u2019autres experts techniques, tous hautement qualifi\u00e9s. Chacun de nos associ\u00e9s contribue avec fiert\u00e9 \u00e0 la conception de notre nouvel appareil, dans leurs disciplines [&hellip;]<\/p>\n","protected":false},"author":1,"featured_media":0,"parent":0,"menu_order":0,"comment_status":"closed","ping_status":"closed","template":"page-standard.php","meta":[],"_links":{"self":[{"href":"https:\/\/www.icarus-aerospace.com\/fr\/wp-json\/wp\/v2\/pages\/355"}],"collection":[{"href":"https:\/\/www.icarus-aerospace.com\/fr\/wp-json\/wp\/v2\/pages"}],"about":[{"href":"https:\/\/www.icarus-aerospace.com\/fr\/wp-json\/wp\/v2\/types\/page"}],"author":[{"embeddable":true,"href":"https:\/\/www.icarus-aerospace.com\/fr\/wp-json\/wp\/v2\/users\/1"}],"replies":[{"embeddable":true,"href":"https:\/\/www.icarus-aerospace.com\/fr\/wp-json\/wp\/v2\/comments?post=355"}],"version-history":[{"count":21,"href":"https:\/\/www.icarus-aerospace.com\/fr\/wp-json\/wp\/v2\/pages\/355\/revisions"}],"predecessor-version":[{"id":941,"href":"https:\/\/www.icarus-aerospace.com\/fr\/wp-json\/wp\/v2\/pages\/355\/revisions\/941"}],"wp:attachment":[{"href":"https:\/\/www.icarus-aerospace.com\/fr\/wp-json\/wp\/v2\/media?parent=355"}],"curies":[{"name":"wp","href":"https:\/\/api.w.org\/{rel}","templated":true}]}}