{"id":359,"date":"2018-01-05T01:04:13","date_gmt":"2018-01-05T01:04:13","guid":{"rendered":"https:\/\/www.icarus-aerospace.com\/?page_id=359"},"modified":"2018-06-07T08:49:54","modified_gmt":"2018-06-07T08:49:54","slug":"fournisseurs","status":"publish","type":"page","link":"https:\/\/www.icarus-aerospace.com\/fr\/fournisseurs\/","title":{"rendered":"FOURNISSEURS"},"content":{"rendered":"<div class=\"jas-content bg-white pt__40 pb__50\">\n<div class=\"jas-container\">\n<div class=\"jas-row background-white\">\n<div class=\"jas-col-md-6 jas-col-sm-6 jas-col-xs-12\">\n<p>ICARUS A\u00e9rospatial Inc. compte sur un r\u00e9seau agile et s\u00fbr, compos\u00e9 de partenaires d\u2019affaires, de fournisseurs et de collaborateurs techniques de classe mondiale qui soutiennent le d\u00e9veloppement de l\u2019appareil TAV<sup>MC<\/sup>.<\/p>\n<p>Nous vous invitons \u00e0 consulter notre portail \u00e0 intervalles r\u00e9guliers. Vous y d\u00e9couvrirez toutes les nouvelles au sujet de nos fournisseurs et autres partenaires qui nous aident activement \u00e0 introduire notre appareil sur le march\u00e9 mondial.<\/p>\n<\/div>\n<div class=\"jas-col-md-6 jas-col-sm-6 jas-col-xs-12\">\n<p><strong>Fournisseur \u2013 Acc\u00e8s s\u00e9curis\u00e9 au Centre de partage :<\/strong><\/p>\n<p><iframe loading=\"lazy\" src=\"https:\/\/icarus-aerospace.com\/ftp\/index.php\" height=\"100%\" width=\"100%\" allowfullscreen=\"\" frameborder=\"0\" style=\"height:100vh;\"><\/iframe>\n<\/div>\n<\/div>\n<\/div>\n<\/div>\n<div class=\"jas-content pt__40 pb__50 margins\">\n<div class=\"jas-container\">\n<\/div>\n<\/div>\n","protected":false},"excerpt":{"rendered":"<p>ICARUS A\u00e9rospatial Inc. compte sur un r\u00e9seau agile et s\u00fbr, compos\u00e9 de partenaires d\u2019affaires, de fournisseurs et de collaborateurs techniques de classe mondiale qui soutiennent le d\u00e9veloppement de l\u2019appareil TAVMC. Nous vous invitons \u00e0 consulter notre portail \u00e0 intervalles r\u00e9guliers. Vous y d\u00e9couvrirez toutes les nouvelles au sujet de nos fournisseurs et autres partenaires qui [&hellip;]<\/p>\n","protected":false},"author":1,"featured_media":0,"parent":0,"menu_order":0,"comment_status":"closed","ping_status":"closed","template":"page-standard.php","meta":[],"_links":{"self":[{"href":"https:\/\/www.icarus-aerospace.com\/fr\/wp-json\/wp\/v2\/pages\/359"}],"collection":[{"href":"https:\/\/www.icarus-aerospace.com\/fr\/wp-json\/wp\/v2\/pages"}],"about":[{"href":"https:\/\/www.icarus-aerospace.com\/fr\/wp-json\/wp\/v2\/types\/page"}],"author":[{"embeddable":true,"href":"https:\/\/www.icarus-aerospace.com\/fr\/wp-json\/wp\/v2\/users\/1"}],"replies":[{"embeddable":true,"href":"https:\/\/www.icarus-aerospace.com\/fr\/wp-json\/wp\/v2\/comments?post=359"}],"version-history":[{"count":9,"href":"https:\/\/www.icarus-aerospace.com\/fr\/wp-json\/wp\/v2\/pages\/359\/revisions"}],"predecessor-version":[{"id":917,"href":"https:\/\/www.icarus-aerospace.com\/fr\/wp-json\/wp\/v2\/pages\/359\/revisions\/917"}],"wp:attachment":[{"href":"https:\/\/www.icarus-aerospace.com\/fr\/wp-json\/wp\/v2\/media?parent=359"}],"curies":[{"name":"wp","href":"https:\/\/api.w.org\/{rel}","templated":true}]}}