{"id":363,"date":"2018-01-05T01:10:45","date_gmt":"2018-01-05T01:10:45","guid":{"rendered":"https:\/\/www.icarus-aerospace.com\/?page_id=363"},"modified":"2019-10-07T00:12:23","modified_gmt":"2019-10-07T00:12:23","slug":"perspectives-de-carriere","status":"publish","type":"page","link":"https:\/\/www.icarus-aerospace.com\/fr\/perspectives-de-carriere\/","title":{"rendered":"Perspectives de carri\u00e8re"},"content":{"rendered":"<div class=\"jas-content bg-white pt__40 pb__50\">\n<div class=\"jas-container\">\n<div class=\"jas-row background-white\">\n<div class=\"jas-col-md-6 jas-col-sm-6 jas-col-xs-12\">\n<p>Bienvenue au site de perspectives de carri\u00e8re d\u2019ICARUS A\u00e9rospatial.<\/p>\n<p>ICARUS est une toute nouvelle entreprise canadienne, dynamique et cr\u00e9ative. Nous sommes tr\u00e8s fiers de notre vision et de nos valeurs d\u2019entreprise.<\/p>\n<p>En 2020, ICARUS sera pr\u00eate \u00e0 introduire un nouveau produit a\u00e9ronautique polyvalent et hautement performant, destin\u00e9 au march\u00e9 de la d\u00e9fense et dot\u00e9 d\u2019appareils sp\u00e9cialis\u00e9s. En joignant notre talentueuse \u00e9quipe de sp\u00e9cialistes en d\u00e9veloppement a\u00e9ronautique, vous nous aiderez \u00e0 inventer ce que nous faisons. Vous \u00eates un professionnel de l\u2019a\u00e9rospatiale confirm\u00e9 comptant un minimum de douze ann\u00e9es d\u2019exp\u00e9rience pertinente? Communiquez avec nous d\u00e8s aujourd\u2019hui. Nous sommes impatients d\u2019entreprendre cette aventure avec vous. Dans le cadre de notre campagne d\u2019embauche pr\u00e9liminaire, ICARUS examinera votre curriculum vitae \u00e0 l\u2019avance, en toute confidentialit\u00e9.<\/p>\n<p>C\u2019est avec grand plaisir que nous accueillons d\u00e8s maintenant toute candidature  d\u00e9montrant des aptitudes en mati\u00e8re de conception, de d\u00e9veloppement et d\u2019homologation (Part 23 \/ MIL-STD). La citoyennet\u00e9 canadienne ou un certificat de r\u00e9sidence au Canada est requis pour toutes les demandes. Tous les candidats feront l\u2019objet de v\u00e9rifications de s\u00e9curit\u00e9 et des ant\u00e9c\u00e9dents. Pour certains postes, une habilitation de s\u00e9curit\u00e9 officielle sera exig\u00e9e.<\/p>\n<p>Notre site Web vous permet de nous contacter \u00e0 l\u2019aide de la fiche \u00e9lectronique ci-contre; vous n\u2019avez qu\u2019\u00e0 t\u00e9l\u00e9charger votre CV (format .pdf ou MS Word) et tout autre document pertinent ou, tout simplement, nous indiquer comment l\u2019entreprise ICARUS pourrait b\u00e9n\u00e9ficier de votre exp\u00e9rience.<\/p>\n<p>Voici le moment id\u00e9al pour voir l\u2019innovation prendre son vol !<\/p>\n<p>Note : Nos offres d\u2019emploi officielles seront affich\u00e9es de fa\u00e7on progressive d\u00e8s le deuxi\u00e8me trimestre 2020.<\/p>\n<\/div>\n<div class=\"jas-col-md-6 jas-col-sm-6 jas-col-xs-12\">\n<div class=\"wpcf7 no-js\" id=\"wpcf7-f407-o1\" lang=\"en-US\" dir=\"ltr\">\n<div class=\"screen-reader-response\"><p role=\"status\" aria-live=\"polite\" aria-atomic=\"true\"><\/p> <ul><\/ul><\/div>\n<form action=\"\/fr\/wp-json\/wp\/v2\/pages\/363#wpcf7-f407-o1\" method=\"post\" class=\"wpcf7-form init\" aria-label=\"Contact form\" enctype=\"multipart\/form-data\" novalidate=\"novalidate\" data-status=\"init\">\n<div style=\"display: none;\">\n<input type=\"hidden\" name=\"_wpcf7\" value=\"407\" \/>\n<input type=\"hidden\" name=\"_wpcf7_version\" value=\"5.7.2\" \/>\n<input type=\"hidden\" name=\"_wpcf7_locale\" value=\"en_US\" \/>\n<input type=\"hidden\" name=\"_wpcf7_unit_tag\" value=\"wpcf7-f407-o1\" \/>\n<input type=\"hidden\" name=\"_wpcf7_container_post\" value=\"0\" \/>\n<input type=\"hidden\" name=\"_wpcf7_posted_data_hash\" value=\"\" \/>\n<input type=\"hidden\" name=\"_wpcf7_recaptcha_response\" value=\"\" \/>\n<\/div>\n<div class=\"jas-row\">\n\t<div class=\"jas-col-md-12 jas-col-sm-12 jas-col-xs-12 nopadding\">\n\t\t<p><label> PR\u00c9NOM *<br \/>\n<span class=\"wpcf7-form-control-wrap\" data-name=\"first-name\"><input size=\"40\" class=\"wpcf7-form-control wpcf7-text wpcf7-validates-as-required\" aria-required=\"true\" aria-invalid=\"false\" placeholder=\"Pr\u00e9nom\" value=\"\" type=\"text\" name=\"first-name\" \/><\/span> <\/label>\n\t\t<\/p>\n\t\t<p><label> NOM DE FAMILLE *<br \/>\n<span class=\"wpcf7-form-control-wrap\" data-name=\"last-name\"><input size=\"40\" class=\"wpcf7-form-control wpcf7-text wpcf7-validates-as-required\" aria-required=\"true\" aria-invalid=\"false\" placeholder=\"Nom de famille\" value=\"\" type=\"text\" name=\"last-name\" \/><\/span> <\/label>\n\t\t<\/p>\n\t\t<p><label> POSTE ACTUEL *<br \/>\n<span class=\"wpcf7-form-control-wrap\" data-name=\"title-company\"><input size=\"40\" class=\"wpcf7-form-control wpcf7-text wpcf7-validates-as-required\" aria-required=\"true\" aria-invalid=\"false\" placeholder=\"Poste actuel\" value=\"\" type=\"text\" name=\"title-company\" \/><\/span> <\/label>\n\t\t<\/p>\n\t\t<p><label> T\u00c9L\u00c9PHONE *<br \/>\n<span class=\"wpcf7-form-control-wrap\" data-name=\"phone\"><input size=\"40\" class=\"wpcf7-form-control wpcf7-text wpcf7-tel wpcf7-validates-as-required wpcf7-validates-as-tel\" aria-required=\"true\" aria-invalid=\"false\" placeholder=\"+\" value=\"\" type=\"tel\" name=\"phone\" \/><\/span> <\/label>\n\t\t<\/p>\n\t\t<p><label> ADRESSE COURRIEL *<br \/>\n<span class=\"wpcf7-form-control-wrap\" data-name=\"your-email\"><input size=\"40\" class=\"wpcf7-form-control wpcf7-text wpcf7-email wpcf7-validates-as-required wpcf7-validates-as-email\" aria-required=\"true\" aria-invalid=\"false\" placeholder=\"Adresse courriel\" value=\"\" type=\"email\" name=\"your-email\" \/><\/span> <\/label>\n\t\t<\/p>\n\t<\/div>\n\t<div class=\"jas-col-md-12 jas-col-sm-12 jas-col-xs-12 nopadding\">\n\t\t<p><label> MESSAGE *<br \/>\n<span class=\"wpcf7-form-control-wrap\" data-name=\"your-message\"><textarea cols=\"40\" rows=\"10\" maxlength=\"4000\" class=\"wpcf7-form-control wpcf7-textarea wpcf7-validates-as-required\" aria-required=\"true\" aria-invalid=\"false\" placeholder=\"4,000 caract\u00e8res\" name=\"your-message\"><\/textarea><\/span> <\/label>\n\t\t<\/p>\n\t\t<div class=\"fileUpload btn btn-primary\">\n\t\t\t<p><label> LIENS *<br \/>\n<\/label>\n\t\t\t<\/p>\n\t\t\t<div class=\"jas-row\" style=\"margin-top:-17px;\">\n\t\t\t\t<div class=\"jas-col-md-4 jas-col-sm-4 jas-col-xs-12 nopadding\">\n\t\t\t\t\t<p><span class=\"dugme-hk\">Choisir fichier<\/span>\n\t\t\t\t\t<\/p>\n\t\t\t\t<\/div>\n\t\t\t\t<div class=\"jas-col-md-8 jas-col-sm-8 jas-col-xs-12 nopaddingr\">\n\t\t\t\t\t<p><span class=\"wpcf7-form-control-wrap\" data-name=\"attachments\"><input size=\"40\" class=\"wpcf7-form-control wpcf7-file upload\" id=\"uploadBtn\" accept=\".pdf,.doc,.jpg\" aria-invalid=\"false\" type=\"file\" name=\"attachments\" \/><\/span><input id=\"uploadFile\" placeholder=\"Pas de fichier choisi \/ pdf, doc, docx, etc.\" disabled=\"disabled\" \/>\n\t\t\t\t\t<\/p>\n\t\t\t\t<\/div>\n\t\t\t<\/div>\n\t\t\t<p><br \/>\n&nbsp;<br \/>\n<input class=\"wpcf7-form-control has-spinner wpcf7-submit poslati\" type=\"submit\" value=\"ENVOI\" \/>\n\t\t\t<\/p>\n\t\t<\/div>\n\t<\/div>\n<\/div>\n<div class=\"lightbox\" id=\"fl1\">\n\t<h2 style=\" line-height: 40px; margin-bottom: 30px; \">POLITIQUE SUR LA PROTECTION DE LA VIE PRIV\u00c9E D\u2019ICARUS A\u00c9ROSPATIAL\n\t<\/h2>\n\t<p>Nous comprenons l'importance de prot\u00e9ger les renseignements personnels de nos investisseurs, clients et employ\u00e9s. Afin de gagner et de maintenir votre confiance, nous avons \u00e9labor\u00e9 notre politique de mani\u00e8re \u00e0 satisfaire ou \u00e0 d\u00e9passer les exigences de la <strong>Loi sur la protection des renseignements personnels et les documents \u00e9lectroniques (LPRPDE), la Loi canadienne antipourriel (LCAP)<\/strong>, ainsi que les dix principes \u00e9nonc\u00e9s dans la norme nationale du Canada en mati\u00e8re de protection des renseignements personnels. De plus, nous sommes constamment \u00e0 la recherche de nouveaux et meilleurs moyens de prot\u00e9ger vos renseignements personnels et de garantir qu'ils sont utilis\u00e9s de mani\u00e8re respectueuse et responsable.\n\t<\/p>\n\t<p>Cette politique s'applique au site Web\u00a0<a href=\"https:\/\/www.icarus-aerospace.com\/fr\/\">www.icarus-aerospace.com<\/a>\u00a0et aux applications li\u00e9es et dont l'exploitation est assur\u00e9e par ICARUS A\u00e9rospatial Inc., qui en est \u00e9galement propri\u00e9taire. Elle d\u00e9crit de quelle fa\u00e7on ICARUS recueille et utilise les renseignements personnels que vous nous fournissez.\n\t<\/p>\n\t<p>Si vous avez des questions sur notre politique ou sur nos pratiques, ou afin d\u2019obtenir une copie compl\u00e8te de notre politique sur la protection de la vie priv\u00e9e, veuillez communiquer avec notre bureau en remplissant la fiche contact.\n\t<\/p>\n<\/div>\n<style>\n.fileUpload {\n position: relative;\n overflow: hidden;\n}\n.fileUpload input.upload {\n position: absolute;\n top: 0;\n right: 0;\n margin: 0;\n padding: 0;\n font-size: 20px;\n cursor: pointer;\n opacity: 0;\n filter: alpha(opacity=0);\n}\n#uploadFile {\n background: #FFF;\n border: 1px solid #ccc !important;\n opacity: 1;\n width: 100%;\n}\n.dugme-hk { background-color: #ffcf09 !important; padding: 8px 18px; display: table; position: relative; color: #999; cursor: pointer; width: 100%; text-align: center; }\ninput.wpcf7-form-control.wpcf7-submit.poslati { color: #999 !important; font-weight: 300; }\n\n.selektovanje{background:transparent;-webkit-appearance: none;}\n.selektovanje option { background-color: #ffcf09; border: 0; color: #999; text-transform: uppercase; }\ntextarea.wpcf7-form-control.wpcf7-textarea.wpcf7-validates-as-required { height: 70px !important; min-height: 70px !important; }\n.nopadding{padding:0;}\n<\/style>\n<p><script>\ndocument.getElementById(\"uploadBtn\").onchange = function () {\n document.getElementById(\"uploadFile\").value = this.value;\n};\n<\/script>\n<\/p>\n<style>.lightbox { display: none; } .featherlight-content { max-width: 1080px; padding: 50px !important; } a.btn.btn-default { color: #999; letter-spacing: 0.5px; font-size: 12px; } .featherlight-close-icon { text-align: center; width: 42px !important; } button.featherlight-close-icon.featherlight-close:hover { border-radius: 0; background: #ffcf09 !important; color:#FFF !important; } a.btn.btn-default.privacy { border: 1px solid #ffcf09; padding: 8px 15px; width: 100%; display: block; text-align: center; background-color: #ffcf09; color: #999; font-size: 14px; } a.btn.btn-default.privacy:hover { background: #ffcf09; color: #005f97; } a.btn.btn-default.privacy:hover { background: #ffcf09; color: #005f97; } .dugme-hk:hover {color: #005f97;} input.wpcf7-form-control.wpcf7-submit.poslati:hover { color: #005f97 !important; background-color: #ffcf09 !important; }\n<\/style>\n<p><link rel='stylesheet' href='https:\/\/www.icarus-aerospace.com\/files\/css\/lightbox.css' type='text\/css' media='all' \/><br \/>\n<script type='text\/javascript' src='https:\/\/www.icarus-aerospace.com\/files\/js\/lightbox.js'><\/script>\n<\/p><div class=\"wpcf7-response-output\" aria-hidden=\"true\"><\/div><\/form><\/div>\n<\/div>\n<\/div>\n<\/div>\n<\/div>\n<div class=\"jas-content pt__40 pb__50 margins\">\n<div class=\"jas-container\">\n<\/div>\n<\/div>\n","protected":false},"excerpt":{"rendered":"<p>Bienvenue au site de perspectives de carri\u00e8re d\u2019ICARUS A\u00e9rospatial. ICARUS est une toute nouvelle entreprise canadienne, dynamique et cr\u00e9ative. Nous sommes tr\u00e8s fiers de notre vision et de nos valeurs d\u2019entreprise. En 2020, ICARUS sera pr\u00eate \u00e0 introduire un nouveau produit a\u00e9ronautique polyvalent et hautement performant, destin\u00e9 au march\u00e9 de la d\u00e9fense et dot\u00e9 d\u2019appareils [&hellip;]<\/p>\n","protected":false},"author":1,"featured_media":0,"parent":0,"menu_order":0,"comment_status":"closed","ping_status":"closed","template":"page-standard.php","meta":[],"_links":{"self":[{"href":"https:\/\/www.icarus-aerospace.com\/fr\/wp-json\/wp\/v2\/pages\/363"}],"collection":[{"href":"https:\/\/www.icarus-aerospace.com\/fr\/wp-json\/wp\/v2\/pages"}],"about":[{"href":"https:\/\/www.icarus-aerospace.com\/fr\/wp-json\/wp\/v2\/types\/page"}],"author":[{"embeddable":true,"href":"https:\/\/www.icarus-aerospace.com\/fr\/wp-json\/wp\/v2\/users\/1"}],"replies":[{"embeddable":true,"href":"https:\/\/www.icarus-aerospace.com\/fr\/wp-json\/wp\/v2\/comments?post=363"}],"version-history":[{"count":10,"href":"https:\/\/www.icarus-aerospace.com\/fr\/wp-json\/wp\/v2\/pages\/363\/revisions"}],"predecessor-version":[{"id":1168,"href":"https:\/\/www.icarus-aerospace.com\/fr\/wp-json\/wp\/v2\/pages\/363\/revisions\/1168"}],"wp:attachment":[{"href":"https:\/\/www.icarus-aerospace.com\/fr\/wp-json\/wp\/v2\/media?parent=363"}],"curies":[{"name":"wp","href":"https:\/\/api.w.org\/{rel}","templated":true}]}}