{"id":953,"date":"2018-06-12T22:51:11","date_gmt":"2018-06-12T22:51:11","guid":{"rendered":"https:\/\/www.icarus-aerospace.com\/?page_id=953"},"modified":"2020-08-06T14:48:53","modified_gmt":"2020-08-06T14:48:53","slug":"mise-a-jour","status":"publish","type":"page","link":"https:\/\/www.icarus-aerospace.com\/fr\/mise-a-jour\/","title":{"rendered":"Mise \u00e0 jour"},"content":{"rendered":"<div class=\"jas-content bg-white pt__40 pb__80\">\n<div class=\"jas-container\">\n<div class=\"jas-row background-white\">\n                                <hr>\n                    <div class=\"jas-col-md-6 jas-col-sm-6 jas-col-xs-12 mt__100\">\n                        <div class=\"news-single-slide\">\n                        <div id=\"post-1312\" class=\"post-1312 post type-post status-publish format-standard has-post-thumbnail hentry category-mise-a-jour\">\n                            <div class=\"post-text\">\n                                                                <h2>IC-NEWS 004<\/h2>\n    \t\t\t\t            <p>13-14 Novembre, 2018<\/p>\n    \t\t\t\t            <p><p>Icarus A\u00e9rospatial a particip\u00e9 au Sommet de l\u2019a\u00e9rospatiale canadienne en 2018. Nous continuons de r\u00e9seauter et de d\u00e9velopper notre base de fournisseurs et des contacts avec les agences gouvernementales. Nous avons beaucoup de succ\u00e8s et de passions.<\/p>\n<\/p>\n                            <\/div>\n                        <\/div>\n                    <\/div>\n                    <\/div>\n                    <div class=\"jas-col-md-6 jas-col-sm-6 jas-col-xs-12 mt__100\" style=\"text-align:right;\">\n                        <img width=\"824\" height=\"100\" src=\"https:\/\/www.icarus-aerospace.com\/files\/2018\/11\/sommet-de-l-aero-2018.jpg\" class=\"attachment-post-thumbnail size-post-thumbnail wp-post-image\" alt=\"\" decoding=\"async\" loading=\"lazy\" srcset=\"https:\/\/www.icarus-aerospace.com\/files\/2018\/11\/sommet-de-l-aero-2018.jpg 824w, https:\/\/www.icarus-aerospace.com\/files\/2018\/11\/sommet-de-l-aero-2018-300x36.jpg 300w, https:\/\/www.icarus-aerospace.com\/files\/2018\/11\/sommet-de-l-aero-2018-768x93.jpg 768w\" sizes=\"(max-width: 824px) 100vw, 824px\" \/>                    <\/div>\n                            <hr>\n                    <div class=\"jas-col-md-6 jas-col-sm-6 jas-col-xs-12 mt__100\">\n                        <div class=\"news-single-slide\">\n                        <div id=\"post-1310\" class=\"post-1310 post type-post status-publish format-standard has-post-thumbnail hentry category-mise-a-jour\">\n                            <div class=\"post-text\">\n                                                                <h2>IC-NEWS 003<\/h2>\n    \t\t\t\t            <p>29th \u2013 30th May 2018<\/p>\n    \t\t\t\t            <p><p>Une d\u00e9l\u00e9gation de la compagnie Icarus A\u00e9rospatial a r\u00e9cemment particip\u00e9 au colloque CANSEC 2018, \u00e0 Ottawa : Des contacts initiaux ont \u00e9t\u00e9s \u00e9tablis avec des fournisseurs potentiels.<\/p>\n<\/p>\n                            <\/div>\n                        <\/div>\n                    <\/div>\n                    <\/div>\n                    <div class=\"jas-col-md-6 jas-col-sm-6 jas-col-xs-12 mt__100\" style=\"text-align:right;\">\n                        <img width=\"1200\" height=\"800\" src=\"https:\/\/www.icarus-aerospace.com\/files\/2018\/06\/cansec.jpg\" class=\"attachment-post-thumbnail size-post-thumbnail wp-post-image\" alt=\"\" decoding=\"async\" loading=\"lazy\" srcset=\"https:\/\/www.icarus-aerospace.com\/files\/2018\/06\/cansec.jpg 1200w, https:\/\/www.icarus-aerospace.com\/files\/2018\/06\/cansec-300x200.jpg 300w, https:\/\/www.icarus-aerospace.com\/files\/2018\/06\/cansec-768x512.jpg 768w, https:\/\/www.icarus-aerospace.com\/files\/2018\/06\/cansec-1024x683.jpg 1024w\" sizes=\"(max-width: 1200px) 100vw, 1200px\" \/>                    <\/div>\n                            <hr>\n                    <div class=\"jas-col-md-6 jas-col-sm-6 jas-col-xs-12 mt__100\">\n                        <div class=\"news-single-slide\">\n                        <div id=\"post-1308\" class=\"post-1308 post type-post status-publish format-standard has-post-thumbnail hentry category-mise-a-jour\">\n                            <div class=\"post-text\">\n                                                                <h2>IC-NEWS 002<\/h2>\n    \t\t\t\t            <p>25th May 2018<\/p>\n    \t\t\t\t            <p><p>Le gouvernement du Canada a approuv\u00e9 la compagnie Icarus A\u00e9rospatial dans le cadre du programme des marchandises contr\u00f4l\u00e9es.<\/p>\n<\/p>\n                            <\/div>\n                        <\/div>\n                    <\/div>\n                    <\/div>\n                    <div class=\"jas-col-md-6 jas-col-sm-6 jas-col-xs-12 mt__100\" style=\"text-align:right;\">\n                        <img width=\"1448\" height=\"632\" src=\"https:\/\/www.icarus-aerospace.com\/files\/2018\/06\/canada-gov.png\" class=\"attachment-post-thumbnail size-post-thumbnail wp-post-image\" alt=\"\" decoding=\"async\" loading=\"lazy\" srcset=\"https:\/\/www.icarus-aerospace.com\/files\/2018\/06\/canada-gov.png 1448w, https:\/\/www.icarus-aerospace.com\/files\/2018\/06\/canada-gov-300x131.png 300w, https:\/\/www.icarus-aerospace.com\/files\/2018\/06\/canada-gov-768x335.png 768w, https:\/\/www.icarus-aerospace.com\/files\/2018\/06\/canada-gov-1024x447.png 1024w\" sizes=\"(max-width: 1448px) 100vw, 1448px\" \/>                    <\/div>\n                            <hr>\n                    <div class=\"jas-col-md-6 jas-col-sm-6 jas-col-xs-12 mt__100\">\n                        <div class=\"news-single-slide\">\n                        <div id=\"post-1306\" class=\"post-1306 post type-post status-publish format-standard has-post-thumbnail hentry category-mise-a-jour\">\n                            <div class=\"post-text\">\n                                                                <h2>IC-NEWS 001<\/h2>\n    \t\t\t\t            <p>Feb 13 2018<\/p>\n    \t\t\t\t            <p><p>Icarus devient membre de l\u2019AICDS<\/p>\n<\/p>\n                            <\/div>\n                        <\/div>\n                    <\/div>\n                    <\/div>\n                    <div class=\"jas-col-md-6 jas-col-sm-6 jas-col-xs-12 mt__100\" style=\"text-align:right;\">\n                        <img width=\"304\" height=\"237\" src=\"https:\/\/www.icarus-aerospace.com\/files\/2018\/02\/CADSI_Member_Badge_ENFR.png\" class=\"attachment-post-thumbnail size-post-thumbnail wp-post-image\" alt=\"\" decoding=\"async\" loading=\"lazy\" srcset=\"https:\/\/www.icarus-aerospace.com\/files\/2018\/02\/CADSI_Member_Badge_ENFR.png 304w, https:\/\/www.icarus-aerospace.com\/files\/2018\/02\/CADSI_Member_Badge_ENFR-300x234.png 300w\" sizes=\"(max-width: 304px) 100vw, 304px\" \/>                    <\/div>\n                \n<\/div>\n<\/div>\n<\/div>\n<div class=\"jas-content pb__50 mt__80 mb__80\">\n<div class=\"jas-container\">\n<\/div>\n<\/div>\n<style>hr { display: block; width: 100%; height: 1px; box-shadow: none; border: 0; border-top: 1px solid #e2e2e2; margin-top: 90px;}<\/style>\n","protected":false},"excerpt":{"rendered":"","protected":false},"author":1,"featured_media":0,"parent":0,"menu_order":0,"comment_status":"closed","ping_status":"closed","template":"page-standard.php","meta":[],"_links":{"self":[{"href":"https:\/\/www.icarus-aerospace.com\/fr\/wp-json\/wp\/v2\/pages\/953"}],"collection":[{"href":"https:\/\/www.icarus-aerospace.com\/fr\/wp-json\/wp\/v2\/pages"}],"about":[{"href":"https:\/\/www.icarus-aerospace.com\/fr\/wp-json\/wp\/v2\/types\/page"}],"author":[{"embeddable":true,"href":"https:\/\/www.icarus-aerospace.com\/fr\/wp-json\/wp\/v2\/users\/1"}],"replies":[{"embeddable":true,"href":"https:\/\/www.icarus-aerospace.com\/fr\/wp-json\/wp\/v2\/comments?post=953"}],"version-history":[{"count":12,"href":"https:\/\/www.icarus-aerospace.com\/fr\/wp-json\/wp\/v2\/pages\/953\/revisions"}],"predecessor-version":[{"id":1314,"href":"https:\/\/www.icarus-aerospace.com\/fr\/wp-json\/wp\/v2\/pages\/953\/revisions\/1314"}],"wp:attachment":[{"href":"https:\/\/www.icarus-aerospace.com\/fr\/wp-json\/wp\/v2\/media?parent=953"}],"curies":[{"name":"wp","href":"https:\/\/api.w.org\/{rel}","templated":true}]}}